{"id":1733,"date":"2025-02-16T16:32:22","date_gmt":"2025-02-16T16:32:22","guid":{"rendered":"https:\/\/sanuspa.derntech.com\/?page_id=1733"},"modified":"2025-06-27T13:48:23","modified_gmt":"2025-06-27T13:48:23","slug":"sanu-custom-signature-facial","status":"publish","type":"page","link":"https:\/\/spaciosanu.com\/es\/our-services\/sanu-custom-signature-facial\/","title":{"rendered":"Tratamiento facial personalizado de Sanu"},"content":{"rendered":"<div data-elementor-type=\"wp-page\" data-elementor-id=\"1733\" class=\"elementor elementor-1733\" data-elementor-post-type=\"page\">\n\t\t\t\t\t\t<section data-particle_enable=\"false\" data-particle-mobile-disabled=\"false\" class=\"elementor-section elementor-top-section elementor-element elementor-element-4040e19 elementor-section-full_width elementor-section-height-default elementor-section-height-default\" data-id=\"4040e19\" data-element_type=\"section\" data-e-type=\"section\" data-settings=\"{&quot;wdt_bg_image&quot;:{&quot;url&quot;:&quot;&quot;,&quot;id&quot;:&quot;&quot;,&quot;size&quot;:&quot;&quot;},&quot;wdt_bg_image_widescreen&quot;:{&quot;url&quot;:&quot;&quot;,&quot;id&quot;:&quot;&quot;,&quot;size&quot;:&quot;&quot;},&quot;wdt_bg_image_laptop&quot;:{&quot;url&quot;:&quot;&quot;,&quot;id&quot;:&quot;&quot;,&quot;size&quot;:&quot;&quot;},&quot;wdt_bg_image_tablet_extra&quot;:{&quot;url&quot;:&quot;&quot;,&quot;id&quot;:&quot;&quot;,&quot;size&quot;:&quot;&quot;},&quot;wdt_bg_image_tablet&quot;:{&quot;url&quot;:&quot;&quot;,&quot;id&quot;:&quot;&quot;,&quot;size&quot;:&quot;&quot;},&quot;wdt_bg_image_mobile_extra&quot;:{&quot;url&quot;:&quot;&quot;,&quot;id&quot;:&quot;&quot;,&quot;size&quot;:&quot;&quot;},&quot;wdt_bg_image_mobile&quot;:{&quot;url&quot;:&quot;&quot;,&quot;id&quot;:&quot;&quot;,&quot;size&quot;:&quot;&quot;},&quot;wdt_bg_position&quot;:&quot;center center&quot;,&quot;wdt_animation_effect&quot;:&quot;none&quot;}\">\n\t\t\t\t\t\t<div class=\"elementor-container elementor-column-gap-no\">\n\t\t\t\t\t<div class=\"elementor-column elementor-col-100 elementor-top-column elementor-element elementor-element-d5e4bb4\" data-id=\"d5e4bb4\" data-element_type=\"column\" data-e-type=\"column\">\n\t\t\t<div class=\"elementor-widget-wrap elementor-element-populated\">\n\t\t\t\t\t\t<section data-particle_enable=\"false\" data-particle-mobile-disabled=\"false\" class=\"elementor-section elementor-inner-section elementor-element elementor-element-74116f6 elementor-section-full_width elementor-section-height-default elementor-section-height-default\" data-id=\"74116f6\" data-element_type=\"section\" data-e-type=\"section\" data-settings=\"{&quot;wdt_bg_image&quot;:{&quot;url&quot;:&quot;&quot;,&quot;id&quot;:&quot;&quot;,&quot;size&quot;:&quot;&quot;},&quot;wdt_bg_image_widescreen&quot;:{&quot;url&quot;:&quot;&quot;,&quot;id&quot;:&quot;&quot;,&quot;size&quot;:&quot;&quot;},&quot;wdt_bg_image_laptop&quot;:{&quot;url&quot;:&quot;&quot;,&quot;id&quot;:&quot;&quot;,&quot;size&quot;:&quot;&quot;},&quot;wdt_bg_image_tablet_extra&quot;:{&quot;url&quot;:&quot;&quot;,&quot;id&quot;:&quot;&quot;,&quot;size&quot;:&quot;&quot;},&quot;wdt_bg_image_tablet&quot;:{&quot;url&quot;:&quot;&quot;,&quot;id&quot;:&quot;&quot;,&quot;size&quot;:&quot;&quot;},&quot;wdt_bg_image_mobile_extra&quot;:{&quot;url&quot;:&quot;&quot;,&quot;id&quot;:&quot;&quot;,&quot;size&quot;:&quot;&quot;},&quot;wdt_bg_image_mobile&quot;:{&quot;url&quot;:&quot;&quot;,&quot;id&quot;:&quot;&quot;,&quot;size&quot;:&quot;&quot;},&quot;wdt_bg_position&quot;:&quot;center center&quot;,&quot;wdt_animation_effect&quot;:&quot;none&quot;}\">\n\t\t\t\t\t\t<div class=\"elementor-container elementor-column-gap-no\">\n\t\t\t\t\t<div class=\"elementor-column elementor-col-100 elementor-inner-column elementor-element elementor-element-4188403\" data-id=\"4188403\" data-element_type=\"column\" data-e-type=\"column\">\n\t\t\t<div class=\"elementor-widget-wrap elementor-element-populated\">\n\t\t\t\t\t\t<div class=\"elementor-element elementor-element-080d4ff elementor-widget elementor-widget-image\" data-id=\"080d4ff\" data-element_type=\"widget\" data-e-type=\"widget\" data-settings=\"{&quot;wdt_animation_effect&quot;:&quot;none&quot;}\" data-widget_type=\"image.default\">\n\t\t\t\t<div class=\"elementor-widget-container\">\n\t\t\t\t\t\t\t\t\t\t\t\t\t\t\t<img fetchpriority=\"high\" decoding=\"async\" width=\"1920\" height=\"1280\" src=\"https:\/\/spaciosanu.com\/wp-content\/uploads\/2025\/02\/Facial.jpg\" class=\"attachment-full size-full wp-image-1688\" alt=\"\" srcset=\"https:\/\/spaciosanu.com\/wp-content\/uploads\/2025\/02\/Facial.jpg 1920w, https:\/\/spaciosanu.com\/wp-content\/uploads\/2025\/02\/Facial-300x200.jpg 300w, https:\/\/spaciosanu.com\/wp-content\/uploads\/2025\/02\/Facial-1024x683.jpg 1024w, https:\/\/spaciosanu.com\/wp-content\/uploads\/2025\/02\/Facial-768x512.jpg 768w, https:\/\/spaciosanu.com\/wp-content\/uploads\/2025\/02\/Facial-1536x1024.jpg 1536w, https:\/\/spaciosanu.com\/wp-content\/uploads\/2025\/02\/Facial-1000x667.jpg 1000w\" sizes=\"(max-width: 1920px) 100vw, 1920px\" \/>\t\t\t\t\t\t\t\t\t\t\t\t\t\t\t<\/div>\n\t\t\t\t<\/div>\n\t\t\t\t<div class=\"elementor-element elementor-element-a3f474a start elementor-widget elementor-widget-wdt-heading\" data-id=\"a3f474a\" data-element_type=\"widget\" data-e-type=\"widget\" data-settings=\"{&quot;wdt_animation_effect&quot;:&quot;none&quot;}\" data-widget_type=\"wdt-heading.default\">\n\t\t\t\t<div class=\"elementor-widget-container\">\n\t\t\t\t\t<div class=\"wdt-heading-holder\" id=\"wdt-heading-a3f474a\"><h2 class=\"wdt-heading-title-wrapper wdt-heading-align-1 wdt-heading-deco-wrapper\"><span class=\"wdt-heading-title\">Tratamiento facial personalizado de Sanu<\/span><\/h2><div class=\"wdt-heading-content-wrapper\">Nuestro Facial Sanu Signature personalizado es un tratamiento premium para el cuidado de la piel que va m\u00e1s all\u00e1 del cuidado b\u00e1sico. Mediante t\u00e9cnicas personalizadas y productos de alta calidad adaptados a su tipo de piel y necesidades, este tratamiento ayuda a restaurar el equilibrio y la luminosidad natural de su piel. Incluye:<br><br>\n\n\u2714 Consulta de piel, para abordar tus problemas de piel.<br>\n\u2714 Limpieza profunda con masaje facial relajante<br>\n\u2714 Exfoliaci\u00f3n, para revelar una piel m\u00e1s luminosa.<br>\n\u2714 Extracciones, para eliminar impurezas<br>\n\u2714 Mascarilla facial seg\u00fan tu tipo de piel<br>\n\u2714 Masaje facial para mejorar la apariencia de la piel y la penetraci\u00f3n del producto, mejorar la elasticidad de la piel y reducir la apariencia de l\u00edneas finas para una apariencia levantada.<br><br>\nPara finalizar, este servicio incluye un masaje de hombros y cuello para aumentar la circulaci\u00f3n, mejorar la relajaci\u00f3n y reducir la tensi\u00f3n, el estr\u00e9s y la ansiedad. \n<\/div><\/div>\t\t\t\t<\/div>\n\t\t\t\t<\/div>\n\t\t\t\t\t<\/div>\n\t\t<\/div>\n\t\t\t\t\t<\/div>\n\t\t<\/section>\n\t\t\t\t<section data-particle_enable=\"false\" data-particle-mobile-disabled=\"false\" class=\"elementor-section elementor-inner-section elementor-element elementor-element-f851569 elementor-section-full_width elementor-section-height-default elementor-section-height-default\" data-id=\"f851569\" data-element_type=\"section\" data-e-type=\"section\" data-settings=\"{&quot;wdt_bg_image&quot;:{&quot;url&quot;:&quot;&quot;,&quot;id&quot;:&quot;&quot;,&quot;size&quot;:&quot;&quot;},&quot;wdt_bg_image_widescreen&quot;:{&quot;url&quot;:&quot;&quot;,&quot;id&quot;:&quot;&quot;,&quot;size&quot;:&quot;&quot;},&quot;wdt_bg_image_laptop&quot;:{&quot;url&quot;:&quot;&quot;,&quot;id&quot;:&quot;&quot;,&quot;size&quot;:&quot;&quot;},&quot;wdt_bg_image_tablet_extra&quot;:{&quot;url&quot;:&quot;&quot;,&quot;id&quot;:&quot;&quot;,&quot;size&quot;:&quot;&quot;},&quot;wdt_bg_image_tablet&quot;:{&quot;url&quot;:&quot;&quot;,&quot;id&quot;:&quot;&quot;,&quot;size&quot;:&quot;&quot;},&quot;wdt_bg_image_mobile_extra&quot;:{&quot;url&quot;:&quot;&quot;,&quot;id&quot;:&quot;&quot;,&quot;size&quot;:&quot;&quot;},&quot;wdt_bg_image_mobile&quot;:{&quot;url&quot;:&quot;&quot;,&quot;id&quot;:&quot;&quot;,&quot;size&quot;:&quot;&quot;},&quot;wdt_bg_position&quot;:&quot;center center&quot;,&quot;wdt_animation_effect&quot;:&quot;none&quot;}\">\n\t\t\t\t\t\t<div class=\"elementor-container elementor-column-gap-no\">\n\t\t\t\t\t<div class=\"elementor-column elementor-col-100 elementor-inner-column elementor-element elementor-element-08d6cac\" data-id=\"08d6cac\" data-element_type=\"column\" data-e-type=\"column\">\n\t\t\t<div class=\"elementor-widget-wrap elementor-element-populated\">\n\t\t\t\t\t\t<div class=\"elementor-element elementor-element-bce8f7e start elementor-widget elementor-widget-wdt-heading\" data-id=\"bce8f7e\" data-element_type=\"widget\" data-e-type=\"widget\" data-settings=\"{&quot;wdt_animation_effect&quot;:&quot;none&quot;}\" data-widget_type=\"wdt-heading.default\">\n\t\t\t\t<div class=\"elementor-widget-container\">\n\t\t\t\t\t<div class=\"wdt-heading-holder\" id=\"wdt-heading-bce8f7e\"><h2 class=\"wdt-heading-title-wrapper wdt-heading-align-1 wdt-heading-deco-wrapper\"><span class=\"wdt-heading-title\">Beneficios de nuestro Facial Sanu Signature<\/span><\/h2><div class=\"wdt-heading-content-wrapper\">Con este Facial de Autor personalizado, adaptamos cada paso para realzar la vitalidad de tu piel. Este facial incluye una consulta de piel para ayudarte con tus problemas cut\u00e1neos, dise\u00f1ando una rutina de cuidado en casa y recomendaciones que te ayudar\u00e1n a mejorar la apariencia y la textura de tu piel.  <br><br>\nEste servicio fue creado para obtener lo mejor de su facial, agregando no solo un tratamiento de cuidado de la piel m\u00e1s personalizado, sino tambi\u00e9n una experiencia mejorada con todas nuestras t\u00e9cnicas de masaje enfocadas no solo al rejuvenecimiento sino tambi\u00e9n a la relajaci\u00f3n. <\/div><\/div>\t\t\t\t<\/div>\n\t\t\t\t<\/div>\n\t\t\t\t<div class=\"elementor-element elementor-element-b7517e5 elementor-hidden-widescreen elementor-hidden-desktop elementor-hidden-laptop elementor-widget elementor-widget-image\" data-id=\"b7517e5\" data-element_type=\"widget\" data-e-type=\"widget\" data-settings=\"{&quot;wdt_animation_effect&quot;:&quot;none&quot;}\" data-widget_type=\"image.default\">\n\t\t\t\t<div class=\"elementor-widget-container\">\n\t\t\t\t\t\t\t\t\t\t\t\t\t\t\t\t<a href=\"https:\/\/spaciosanu.com\/wp-content\/uploads\/2025\/06\/custom-signature-bfr-aftrt.jpg\" data-elementor-open-lightbox=\"yes\" data-elementor-lightbox-title=\"custom-signature-bfr-aftrt\" data-e-action-hash=\"#elementor-action%3Aaction%3Dlightbox%26settings%3DeyJpZCI6MzI1NiwidXJsIjoiaHR0cHM6XC9cL3NwYWNpb3NhbnUuY29tXC93cC1jb250ZW50XC91cGxvYWRzXC8yMDI1XC8wNlwvY3VzdG9tLXNpZ25hdHVyZS1iZnItYWZ0cnQuanBnIn0%3D\">\n\t\t\t\t\t\t\t<img decoding=\"async\" width=\"1582\" height=\"800\" src=\"https:\/\/spaciosanu.com\/wp-content\/uploads\/2025\/06\/custom-signature-bfr-aftrt.jpg\" class=\"attachment-full size-full wp-image-3256\" alt=\"\" srcset=\"https:\/\/spaciosanu.com\/wp-content\/uploads\/2025\/06\/custom-signature-bfr-aftrt.jpg 1582w, https:\/\/spaciosanu.com\/wp-content\/uploads\/2025\/06\/custom-signature-bfr-aftrt-300x152.jpg 300w, https:\/\/spaciosanu.com\/wp-content\/uploads\/2025\/06\/custom-signature-bfr-aftrt-1024x518.jpg 1024w, https:\/\/spaciosanu.com\/wp-content\/uploads\/2025\/06\/custom-signature-bfr-aftrt-768x388.jpg 768w, https:\/\/spaciosanu.com\/wp-content\/uploads\/2025\/06\/custom-signature-bfr-aftrt-1536x777.jpg 1536w, https:\/\/spaciosanu.com\/wp-content\/uploads\/2025\/06\/custom-signature-bfr-aftrt-18x9.jpg 18w, https:\/\/spaciosanu.com\/wp-content\/uploads\/2025\/06\/custom-signature-bfr-aftrt-1000x506.jpg 1000w, https:\/\/spaciosanu.com\/wp-content\/uploads\/2025\/06\/custom-signature-bfr-aftrt-220x111.jpg 220w\" sizes=\"(max-width: 1582px) 100vw, 1582px\" \/>\t\t\t\t\t\t\t\t<\/a>\n\t\t\t\t\t\t\t\t\t\t\t\t\t\t\t<\/div>\n\t\t\t\t<\/div>\n\t\t\t\t<div class=\"elementor-element elementor-element-8898d72 elementor-widget__width-initial elementor-hidden-tablet_extra elementor-hidden-tablet elementor-hidden-mobile_extra elementor-hidden-mobile elementor-widget elementor-widget-wdt-before-after-slider\" data-id=\"8898d72\" data-element_type=\"widget\" data-e-type=\"widget\" data-settings=\"{&quot;wdt_animation_effect&quot;:&quot;none&quot;}\" data-widget_type=\"wdt-before-after-slider.default\">\n\t\t\t\t<div class=\"elementor-widget-container\">\n\t\t\t\t\t <div class=\"wdt-before-after-slider-container\">  <div class=\"wdt-img wdt-background-img\">  <img decoding=\"async\" src=\"https:\/\/spaciosanu.com\/wp-content\/uploads\/2025\/04\/Custom-Signature-Facial-2.webp\"><span class=\"wdt-before-after-slider-span-after\">Despu\u00e9s<\/span> <\/div> <div class=\"wdt-img wdt-foreground-img\" style=\"width: 50%;\"> <img decoding=\"async\" src=\"https:\/\/spaciosanu.com\/wp-content\/uploads\/2025\/04\/Custom-Signature-Facial.webp\"><span class=\"wdt-before-after-slider-span-before\">Antes<\/span> <\/div><input type=\"range\" min=\"1\" max=\"100\" value=\"50\" class=\"wdt-before-after-sliders\" name=\"wdt_before_after_slider\" id=\"wdt_before_after_slider_8898d72\"> <div class=\"wdt-slider-button\"><span>Arrastrar<\/span> <\/div> <\/div>\t\t\t\t<\/div>\n\t\t\t\t<\/div>\n\t\t\t\t<div class=\"elementor-element elementor-element-8f2112c wdt-custom-side-nav elementor-widget elementor-widget-wdt-side-nav-navigation\" data-id=\"8f2112c\" data-element_type=\"widget\" data-e-type=\"widget\" data-settings=\"{&quot;wdt_animation_effect&quot;:&quot;none&quot;}\" data-widget_type=\"wdt-side-nav-navigation.default\">\n\t\t\t\t<div class=\"elementor-widget-container\">\n\t\t\t\t\t<div class=\"wdt-sidenav-navigation-container\"><div class=\"wdt-sidenav-navigation-prev-wrapper no-post\"><a href=\"#\" class=\"wdt-sidenav-navigation-prev-bgimg\"><i class=\"wdticon-angle-left\"><\/i><\/a><div class=\"wdt-sidenav-navigation-title-wrapper\"><span class=\"zmdi zmdi-long-arrow-left zmdi-hc-fw\"><\/span><h3>No previous service to show!<\/h3><\/div><\/div><div class=\"wdt-sidenav-navigation-next-wrapper\"><div class=\"wdt-sidenav-navigation-title-wrapper\"><p><a href=\"https:\/\/spaciosanu.com\/es\/our-services\/microdermabrasion\/\" title=\"Microdermoabrasi\u00f3n\">Pr\u00f3ximo servicio<i class=\"wdticon-angle-right\"><\/i><\/a><\/p><span class=\"zmdi zmdi-long-arrow-left zmdi-hc-fw\"><\/span><h3><a href=\"https:\/\/spaciosanu.com\/es\/our-services\/microdermabrasion\/\" title=\"Microdermoabrasi\u00f3n\">Microdermoabrasi\u00f3n<\/a><\/h3><\/div><\/div><\/div>\t\t\t\t<\/div>\n\t\t\t\t<\/div>\n\t\t\t\t\t<\/div>\n\t\t<\/div>\n\t\t\t\t\t<\/div>\n\t\t<\/section>\n\t\t\t\t\t<\/div>\n\t\t<\/div>\n\t\t\t\t\t<\/div>\n\t\t<\/section>\n\t\t\t\t<\/div>","protected":false},"excerpt":{"rendered":"<p>Sanu Custom Signature Facial Our custom Sanu Signature Facial is a premium skincare treatment that goes beyond basic skincare. Using customized techniques and high-quality products adapted to your skin type and concerns, this treatment helps restore your skin\u2019s natural balance and glow. Includes: \u2714 Skin consultation, to target your skin concerns \u2714 Deep cleansing with [&hellip;]<\/p>","protected":false},"author":1,"featured_media":0,"parent":651,"menu_order":0,"comment_status":"closed","ping_status":"closed","template":"tpl-side-nav.php","meta":{"footnotes":""},"class_list":["post-1733","page","type-page","status-publish","hentry"],"_links":{"self":[{"href":"https:\/\/spaciosanu.com\/es\/wp-json\/wp\/v2\/pages\/1733","targetHints":{"allow":["GET"]}}],"collection":[{"href":"https:\/\/spaciosanu.com\/es\/wp-json\/wp\/v2\/pages"}],"about":[{"href":"https:\/\/spaciosanu.com\/es\/wp-json\/wp\/v2\/types\/page"}],"author":[{"embeddable":true,"href":"https:\/\/spaciosanu.com\/es\/wp-json\/wp\/v2\/users\/1"}],"replies":[{"embeddable":true,"href":"https:\/\/spaciosanu.com\/es\/wp-json\/wp\/v2\/comments?post=1733"}],"version-history":[{"count":23,"href":"https:\/\/spaciosanu.com\/es\/wp-json\/wp\/v2\/pages\/1733\/revisions"}],"predecessor-version":[{"id":3259,"href":"https:\/\/spaciosanu.com\/es\/wp-json\/wp\/v2\/pages\/1733\/revisions\/3259"}],"up":[{"embeddable":true,"href":"https:\/\/spaciosanu.com\/es\/wp-json\/wp\/v2\/pages\/651"}],"wp:attachment":[{"href":"https:\/\/spaciosanu.com\/es\/wp-json\/wp\/v2\/media?parent=1733"}],"curies":[{"name":"gracias","href":"https:\/\/api.w.org\/{rel}","templated":true}]}}