{"id":1739,"date":"2025-02-16T16:34:51","date_gmt":"2025-02-16T16:34:51","guid":{"rendered":"https:\/\/sanuspa.derntech.com\/?page_id=1739"},"modified":"2025-06-27T16:04:43","modified_gmt":"2025-06-27T16:04:43","slug":"microdermabrasion","status":"publish","type":"page","link":"https:\/\/spaciosanu.com\/es\/our-services\/microdermabrasion\/","title":{"rendered":"Microdermoabrasi\u00f3n"},"content":{"rendered":"<div data-elementor-type=\"wp-page\" data-elementor-id=\"1739\" class=\"elementor elementor-1739\" data-elementor-post-type=\"page\">\n\t\t\t\t\t\t<section data-particle_enable=\"false\" data-particle-mobile-disabled=\"false\" class=\"elementor-section elementor-top-section elementor-element elementor-element-4040e19 elementor-section-full_width elementor-section-height-default elementor-section-height-default\" data-id=\"4040e19\" data-element_type=\"section\" data-e-type=\"section\" data-settings=\"{&quot;wdt_bg_image&quot;:{&quot;url&quot;:&quot;&quot;,&quot;id&quot;:&quot;&quot;,&quot;size&quot;:&quot;&quot;},&quot;wdt_bg_image_widescreen&quot;:{&quot;url&quot;:&quot;&quot;,&quot;id&quot;:&quot;&quot;,&quot;size&quot;:&quot;&quot;},&quot;wdt_bg_image_laptop&quot;:{&quot;url&quot;:&quot;&quot;,&quot;id&quot;:&quot;&quot;,&quot;size&quot;:&quot;&quot;},&quot;wdt_bg_image_tablet_extra&quot;:{&quot;url&quot;:&quot;&quot;,&quot;id&quot;:&quot;&quot;,&quot;size&quot;:&quot;&quot;},&quot;wdt_bg_image_tablet&quot;:{&quot;url&quot;:&quot;&quot;,&quot;id&quot;:&quot;&quot;,&quot;size&quot;:&quot;&quot;},&quot;wdt_bg_image_mobile_extra&quot;:{&quot;url&quot;:&quot;&quot;,&quot;id&quot;:&quot;&quot;,&quot;size&quot;:&quot;&quot;},&quot;wdt_bg_image_mobile&quot;:{&quot;url&quot;:&quot;&quot;,&quot;id&quot;:&quot;&quot;,&quot;size&quot;:&quot;&quot;},&quot;wdt_bg_position&quot;:&quot;center center&quot;,&quot;wdt_animation_effect&quot;:&quot;none&quot;}\">\n\t\t\t\t\t\t<div class=\"elementor-container elementor-column-gap-no\">\n\t\t\t\t\t<div class=\"elementor-column elementor-col-100 elementor-top-column elementor-element elementor-element-d5e4bb4\" data-id=\"d5e4bb4\" data-element_type=\"column\" data-e-type=\"column\">\n\t\t\t<div class=\"elementor-widget-wrap elementor-element-populated\">\n\t\t\t\t\t\t<section data-particle_enable=\"false\" data-particle-mobile-disabled=\"false\" class=\"elementor-section elementor-inner-section elementor-element elementor-element-74116f6 elementor-section-full_width elementor-section-height-default elementor-section-height-default\" data-id=\"74116f6\" data-element_type=\"section\" data-e-type=\"section\" data-settings=\"{&quot;wdt_bg_image&quot;:{&quot;url&quot;:&quot;&quot;,&quot;id&quot;:&quot;&quot;,&quot;size&quot;:&quot;&quot;},&quot;wdt_bg_image_widescreen&quot;:{&quot;url&quot;:&quot;&quot;,&quot;id&quot;:&quot;&quot;,&quot;size&quot;:&quot;&quot;},&quot;wdt_bg_image_laptop&quot;:{&quot;url&quot;:&quot;&quot;,&quot;id&quot;:&quot;&quot;,&quot;size&quot;:&quot;&quot;},&quot;wdt_bg_image_tablet_extra&quot;:{&quot;url&quot;:&quot;&quot;,&quot;id&quot;:&quot;&quot;,&quot;size&quot;:&quot;&quot;},&quot;wdt_bg_image_tablet&quot;:{&quot;url&quot;:&quot;&quot;,&quot;id&quot;:&quot;&quot;,&quot;size&quot;:&quot;&quot;},&quot;wdt_bg_image_mobile_extra&quot;:{&quot;url&quot;:&quot;&quot;,&quot;id&quot;:&quot;&quot;,&quot;size&quot;:&quot;&quot;},&quot;wdt_bg_image_mobile&quot;:{&quot;url&quot;:&quot;&quot;,&quot;id&quot;:&quot;&quot;,&quot;size&quot;:&quot;&quot;},&quot;wdt_bg_position&quot;:&quot;center center&quot;,&quot;wdt_animation_effect&quot;:&quot;none&quot;}\">\n\t\t\t\t\t\t<div class=\"elementor-container elementor-column-gap-no\">\n\t\t\t\t\t<div class=\"elementor-column elementor-col-100 elementor-inner-column elementor-element elementor-element-4188403\" data-id=\"4188403\" data-element_type=\"column\" data-e-type=\"column\">\n\t\t\t<div class=\"elementor-widget-wrap elementor-element-populated\">\n\t\t\t\t\t\t<div class=\"elementor-element elementor-element-080d4ff elementor-widget elementor-widget-image\" data-id=\"080d4ff\" data-element_type=\"widget\" data-e-type=\"widget\" data-settings=\"{&quot;wdt_animation_effect&quot;:&quot;none&quot;}\" data-widget_type=\"image.default\">\n\t\t\t\t<div class=\"elementor-widget-container\">\n\t\t\t\t\t\t\t\t\t\t\t\t\t\t\t<img fetchpriority=\"high\" decoding=\"async\" width=\"1500\" height=\"1000\" src=\"https:\/\/spaciosanu.com\/wp-content\/uploads\/2025\/02\/Microdermabrasion.webp\" class=\"attachment-full size-full wp-image-1740\" alt=\"\" srcset=\"https:\/\/spaciosanu.com\/wp-content\/uploads\/2025\/02\/Microdermabrasion.webp 1500w, https:\/\/spaciosanu.com\/wp-content\/uploads\/2025\/02\/Microdermabrasion-300x200.webp 300w, https:\/\/spaciosanu.com\/wp-content\/uploads\/2025\/02\/Microdermabrasion-1024x683.webp 1024w, https:\/\/spaciosanu.com\/wp-content\/uploads\/2025\/02\/Microdermabrasion-768x512.webp 768w, https:\/\/spaciosanu.com\/wp-content\/uploads\/2025\/02\/Microdermabrasion-1000x667.webp 1000w\" sizes=\"(max-width: 1500px) 100vw, 1500px\" \/>\t\t\t\t\t\t\t\t\t\t\t\t\t\t\t<\/div>\n\t\t\t\t<\/div>\n\t\t\t\t<div class=\"elementor-element elementor-element-a3f474a start elementor-widget elementor-widget-wdt-heading\" data-id=\"a3f474a\" data-element_type=\"widget\" data-e-type=\"widget\" data-settings=\"{&quot;wdt_animation_effect&quot;:&quot;none&quot;}\" data-widget_type=\"wdt-heading.default\">\n\t\t\t\t<div class=\"elementor-widget-container\">\n\t\t\t\t\t<div class=\"wdt-heading-holder\" id=\"wdt-heading-a3f474a\"><h2 class=\"wdt-heading-title-wrapper wdt-heading-align-1 wdt-heading-deco-wrapper\"><span class=\"wdt-heading-title\">Microdermoabrasi\u00f3n<\/span><\/h2><div class=\"wdt-heading-content-wrapper\">La microdermoabrasi\u00f3n es un tratamiento no invasivo para el cuidado de la piel que exfolia suavemente, eliminando las c\u00e9lulas muertas y promoviendo el crecimiento de piel nueva y sana. Ya sea que tengas una textura \u00e1spera, poros obstruidos o un tono de piel desigual, este tratamiento hace maravillas para renovar y refrescar tu piel.\n<br><br>\nEn Spacio Sanu, utilizamos t\u00e9cnicas y equipos de microdermoabrasi\u00f3n de calidad profesional para promover la regeneraci\u00f3n de su piel con una r\u00e1pida visita al spa.<\/div><\/div>\t\t\t\t<\/div>\n\t\t\t\t<\/div>\n\t\t\t\t\t<\/div>\n\t\t<\/div>\n\t\t\t\t\t<\/div>\n\t\t<\/section>\n\t\t\t\t<section data-particle_enable=\"false\" data-particle-mobile-disabled=\"false\" class=\"elementor-section elementor-inner-section elementor-element elementor-element-f851569 elementor-section-full_width elementor-section-height-default elementor-section-height-default\" data-id=\"f851569\" data-element_type=\"section\" data-e-type=\"section\" data-settings=\"{&quot;wdt_bg_image&quot;:{&quot;url&quot;:&quot;&quot;,&quot;id&quot;:&quot;&quot;,&quot;size&quot;:&quot;&quot;},&quot;wdt_bg_image_widescreen&quot;:{&quot;url&quot;:&quot;&quot;,&quot;id&quot;:&quot;&quot;,&quot;size&quot;:&quot;&quot;},&quot;wdt_bg_image_laptop&quot;:{&quot;url&quot;:&quot;&quot;,&quot;id&quot;:&quot;&quot;,&quot;size&quot;:&quot;&quot;},&quot;wdt_bg_image_tablet_extra&quot;:{&quot;url&quot;:&quot;&quot;,&quot;id&quot;:&quot;&quot;,&quot;size&quot;:&quot;&quot;},&quot;wdt_bg_image_tablet&quot;:{&quot;url&quot;:&quot;&quot;,&quot;id&quot;:&quot;&quot;,&quot;size&quot;:&quot;&quot;},&quot;wdt_bg_image_mobile_extra&quot;:{&quot;url&quot;:&quot;&quot;,&quot;id&quot;:&quot;&quot;,&quot;size&quot;:&quot;&quot;},&quot;wdt_bg_image_mobile&quot;:{&quot;url&quot;:&quot;&quot;,&quot;id&quot;:&quot;&quot;,&quot;size&quot;:&quot;&quot;},&quot;wdt_bg_position&quot;:&quot;center center&quot;,&quot;wdt_animation_effect&quot;:&quot;none&quot;}\">\n\t\t\t\t\t\t<div class=\"elementor-container elementor-column-gap-no\">\n\t\t\t\t\t<div class=\"elementor-column elementor-col-100 elementor-inner-column elementor-element elementor-element-08d6cac\" data-id=\"08d6cac\" data-element_type=\"column\" data-e-type=\"column\">\n\t\t\t<div class=\"elementor-widget-wrap elementor-element-populated\">\n\t\t\t\t\t\t<div class=\"elementor-element elementor-element-bce8f7e start elementor-widget elementor-widget-wdt-heading\" data-id=\"bce8f7e\" data-element_type=\"widget\" data-e-type=\"widget\" data-settings=\"{&quot;wdt_animation_effect&quot;:&quot;none&quot;}\" data-widget_type=\"wdt-heading.default\">\n\t\t\t\t<div class=\"elementor-widget-container\">\n\t\t\t\t\t<div class=\"wdt-heading-holder\" id=\"wdt-heading-bce8f7e\"><h2 class=\"wdt-heading-title-wrapper wdt-heading-align-1 wdt-heading-deco-wrapper\"><span class=\"wdt-heading-title\">Beneficios de la microdermoabrasi\u00f3n<\/span><\/h2><div class=\"wdt-heading-content-wrapper\">Despu\u00e9s de un solo tratamiento, sentir\u00e1 su piel suave y brillante y mejorar\u00e1 la textura de la piel; despu\u00e9s de una serie de tratamientos ayuda a reducir las l\u00edneas finas, minimizar la apariencia de los poros e impurezas, dej\u00e1ndole una tez m\u00e1s suave y juvenil. \n<br><br>\nSi desea una piel m\u00e1s suave, luminosa y saludable, la microdermoabrasi\u00f3n es la opci\u00f3n ideal. Es un servicio r\u00e1pido que no incluye extracciones pero que puede ser incluido dentro de cualquier limpieza facial. <\/div><\/div>\t\t\t\t<\/div>\n\t\t\t\t<\/div>\n\t\t\t\t\t<\/div>\n\t\t<\/div>\n\t\t\t\t\t<\/div>\n\t\t<\/section>\n\t\t\t\t<section data-particle_enable=\"false\" data-particle-mobile-disabled=\"false\" class=\"elementor-section elementor-inner-section elementor-element elementor-element-badc77b elementor-section-boxed elementor-section-height-default elementor-section-height-default\" data-id=\"badc77b\" data-element_type=\"section\" data-e-type=\"section\" data-settings=\"{&quot;wdt_bg_image&quot;:{&quot;url&quot;:&quot;&quot;,&quot;id&quot;:&quot;&quot;,&quot;size&quot;:&quot;&quot;},&quot;wdt_bg_image_widescreen&quot;:{&quot;url&quot;:&quot;&quot;,&quot;id&quot;:&quot;&quot;,&quot;size&quot;:&quot;&quot;},&quot;wdt_bg_image_laptop&quot;:{&quot;url&quot;:&quot;&quot;,&quot;id&quot;:&quot;&quot;,&quot;size&quot;:&quot;&quot;},&quot;wdt_bg_image_tablet_extra&quot;:{&quot;url&quot;:&quot;&quot;,&quot;id&quot;:&quot;&quot;,&quot;size&quot;:&quot;&quot;},&quot;wdt_bg_image_tablet&quot;:{&quot;url&quot;:&quot;&quot;,&quot;id&quot;:&quot;&quot;,&quot;size&quot;:&quot;&quot;},&quot;wdt_bg_image_mobile_extra&quot;:{&quot;url&quot;:&quot;&quot;,&quot;id&quot;:&quot;&quot;,&quot;size&quot;:&quot;&quot;},&quot;wdt_bg_image_mobile&quot;:{&quot;url&quot;:&quot;&quot;,&quot;id&quot;:&quot;&quot;,&quot;size&quot;:&quot;&quot;},&quot;wdt_bg_position&quot;:&quot;center center&quot;,&quot;wdt_animation_effect&quot;:&quot;none&quot;}\">\n\t\t\t\t\t\t<div class=\"elementor-container elementor-column-gap-default\">\n\t\t\t\t\t<div class=\"elementor-column elementor-col-100 elementor-inner-column elementor-element elementor-element-948da62\" data-id=\"948da62\" data-element_type=\"column\" data-e-type=\"column\">\n\t\t\t<div class=\"elementor-widget-wrap elementor-element-populated\">\n\t\t\t\t\t\t<div class=\"elementor-element elementor-element-dfbda9a elementor-hidden-widescreen elementor-hidden-desktop elementor-hidden-laptop elementor-widget elementor-widget-image\" data-id=\"dfbda9a\" data-element_type=\"widget\" data-e-type=\"widget\" data-settings=\"{&quot;wdt_animation_effect&quot;:&quot;none&quot;}\" data-widget_type=\"image.default\">\n\t\t\t\t<div class=\"elementor-widget-container\">\n\t\t\t\t\t\t\t\t\t\t\t\t\t\t\t\t<a href=\"https:\/\/spaciosanu.com\/wp-content\/uploads\/2025\/06\/MicroDermabfraftr.jpg\" data-elementor-open-lightbox=\"yes\" data-elementor-lightbox-title=\"MicroDermabfraftr\" data-e-action-hash=\"#elementor-action%3Aaction%3Dlightbox%26settings%3DeyJpZCI6MzI0OCwidXJsIjoiaHR0cHM6XC9cL3NwYWNpb3NhbnUuY29tXC93cC1jb250ZW50XC91cGxvYWRzXC8yMDI1XC8wNlwvTWljcm9EZXJtYWJmcmFmdHIuanBnIn0%3D\">\n\t\t\t\t\t\t\t<img decoding=\"async\" width=\"1582\" height=\"800\" src=\"https:\/\/spaciosanu.com\/wp-content\/uploads\/2025\/06\/MicroDermabfraftr.jpg\" class=\"attachment-full size-full wp-image-3248\" alt=\"\" srcset=\"https:\/\/spaciosanu.com\/wp-content\/uploads\/2025\/06\/MicroDermabfraftr.jpg 1582w, https:\/\/spaciosanu.com\/wp-content\/uploads\/2025\/06\/MicroDermabfraftr-300x152.jpg 300w, https:\/\/spaciosanu.com\/wp-content\/uploads\/2025\/06\/MicroDermabfraftr-1024x518.jpg 1024w, https:\/\/spaciosanu.com\/wp-content\/uploads\/2025\/06\/MicroDermabfraftr-768x388.jpg 768w, https:\/\/spaciosanu.com\/wp-content\/uploads\/2025\/06\/MicroDermabfraftr-1536x777.jpg 1536w, https:\/\/spaciosanu.com\/wp-content\/uploads\/2025\/06\/MicroDermabfraftr-18x9.jpg 18w, https:\/\/spaciosanu.com\/wp-content\/uploads\/2025\/06\/MicroDermabfraftr-1000x506.jpg 1000w, https:\/\/spaciosanu.com\/wp-content\/uploads\/2025\/06\/MicroDermabfraftr-220x111.jpg 220w\" sizes=\"(max-width: 1582px) 100vw, 1582px\" \/>\t\t\t\t\t\t\t\t<\/a>\n\t\t\t\t\t\t\t\t\t\t\t\t\t\t\t<\/div>\n\t\t\t\t<\/div>\n\t\t\t\t<div class=\"elementor-element elementor-element-a7e00bd elementor-hidden-tablet_extra elementor-hidden-tablet elementor-hidden-mobile_extra elementor-hidden-mobile elementor-widget elementor-widget-wdt-before-after-slider\" data-id=\"a7e00bd\" data-element_type=\"widget\" data-e-type=\"widget\" data-settings=\"{&quot;wdt_animation_effect&quot;:&quot;none&quot;}\" data-widget_type=\"wdt-before-after-slider.default\">\n\t\t\t\t<div class=\"elementor-widget-container\">\n\t\t\t\t\t <div class=\"wdt-before-after-slider-container\">  <div class=\"wdt-img wdt-background-img\">  <img decoding=\"async\" src=\"https:\/\/spaciosanu.com\/wp-content\/uploads\/2025\/04\/Sanu-customized-facial-2.webp\"><span class=\"wdt-before-after-slider-span-after\">Despu\u00e9s<\/span> <\/div> <div class=\"wdt-img wdt-foreground-img\" style=\"width: 50%;\"> <img decoding=\"async\" src=\"https:\/\/spaciosanu.com\/wp-content\/uploads\/2025\/04\/Sanu-customized-facial.webp\"><span class=\"wdt-before-after-slider-span-before\">Antes<\/span> <\/div><input type=\"range\" min=\"1\" max=\"100\" value=\"50\" class=\"wdt-before-after-sliders\" name=\"wdt_before_after_slider\" id=\"wdt_before_after_slider_a7e00bd\"> <div class=\"wdt-slider-button\"><span>Arrastrar<\/span> <\/div> <\/div>\t\t\t\t<\/div>\n\t\t\t\t<\/div>\n\t\t\t\t<div class=\"elementor-element elementor-element-90f2876 elementor-widget elementor-widget-heading\" data-id=\"90f2876\" data-element_type=\"widget\" data-e-type=\"widget\" data-settings=\"{&quot;wdt_animation_effect&quot;:&quot;none&quot;}\" data-widget_type=\"heading.default\">\n\t\t\t\t<div class=\"elementor-widget-container\">\n\t\t\t\t\t<h6 class=\"elementor-heading-title elementor-size-default\">Nota: Facial con microdermoabrasi\u00f3n <\/h6>\t\t\t\t<\/div>\n\t\t\t\t<\/div>\n\t\t\t\t\t<\/div>\n\t\t<\/div>\n\t\t\t\t\t<\/div>\n\t\t<\/section>\n\t\t\t\t<section data-particle_enable=\"false\" data-particle-mobile-disabled=\"false\" class=\"elementor-section elementor-inner-section elementor-element elementor-element-99ebb1b elementor-section-boxed elementor-section-height-default elementor-section-height-default\" data-id=\"99ebb1b\" data-element_type=\"section\" data-e-type=\"section\" data-settings=\"{&quot;wdt_bg_image&quot;:{&quot;url&quot;:&quot;&quot;,&quot;id&quot;:&quot;&quot;,&quot;size&quot;:&quot;&quot;},&quot;wdt_bg_image_widescreen&quot;:{&quot;url&quot;:&quot;&quot;,&quot;id&quot;:&quot;&quot;,&quot;size&quot;:&quot;&quot;},&quot;wdt_bg_image_laptop&quot;:{&quot;url&quot;:&quot;&quot;,&quot;id&quot;:&quot;&quot;,&quot;size&quot;:&quot;&quot;},&quot;wdt_bg_image_tablet_extra&quot;:{&quot;url&quot;:&quot;&quot;,&quot;id&quot;:&quot;&quot;,&quot;size&quot;:&quot;&quot;},&quot;wdt_bg_image_tablet&quot;:{&quot;url&quot;:&quot;&quot;,&quot;id&quot;:&quot;&quot;,&quot;size&quot;:&quot;&quot;},&quot;wdt_bg_image_mobile_extra&quot;:{&quot;url&quot;:&quot;&quot;,&quot;id&quot;:&quot;&quot;,&quot;size&quot;:&quot;&quot;},&quot;wdt_bg_image_mobile&quot;:{&quot;url&quot;:&quot;&quot;,&quot;id&quot;:&quot;&quot;,&quot;size&quot;:&quot;&quot;},&quot;wdt_bg_position&quot;:&quot;center center&quot;,&quot;wdt_animation_effect&quot;:&quot;none&quot;}\">\n\t\t\t\t\t\t<div class=\"elementor-container elementor-column-gap-default\">\n\t\t\t\t\t<div class=\"elementor-column elementor-col-100 elementor-inner-column elementor-element elementor-element-48ad61f\" data-id=\"48ad61f\" data-element_type=\"column\" data-e-type=\"column\">\n\t\t\t<div class=\"elementor-widget-wrap elementor-element-populated\">\n\t\t\t\t\t\t<div class=\"elementor-element elementor-element-43f71d4 elementor-hidden-widescreen elementor-hidden-desktop elementor-hidden-laptop elementor-widget elementor-widget-image\" data-id=\"43f71d4\" data-element_type=\"widget\" data-e-type=\"widget\" data-settings=\"{&quot;wdt_animation_effect&quot;:&quot;none&quot;}\" data-widget_type=\"image.default\">\n\t\t\t\t<div class=\"elementor-widget-container\">\n\t\t\t\t\t\t\t\t\t\t\t\t\t\t\t\t<a href=\"https:\/\/spaciosanu.com\/wp-content\/uploads\/2025\/06\/microdermabfaftr2.jpg\" data-elementor-open-lightbox=\"yes\" data-elementor-lightbox-title=\"microdermabfaftr2\" data-e-action-hash=\"#elementor-action%3Aaction%3Dlightbox%26settings%3DeyJpZCI6MzI0NywidXJsIjoiaHR0cHM6XC9cL3NwYWNpb3NhbnUuY29tXC93cC1jb250ZW50XC91cGxvYWRzXC8yMDI1XC8wNlwvbWljcm9kZXJtYWJmYWZ0cjIuanBnIn0%3D\">\n\t\t\t\t\t\t\t<img decoding=\"async\" width=\"1582\" height=\"800\" src=\"https:\/\/spaciosanu.com\/wp-content\/uploads\/2025\/06\/microdermabfaftr2.jpg\" class=\"attachment-full size-full wp-image-3247\" alt=\"\" srcset=\"https:\/\/spaciosanu.com\/wp-content\/uploads\/2025\/06\/microdermabfaftr2.jpg 1582w, https:\/\/spaciosanu.com\/wp-content\/uploads\/2025\/06\/microdermabfaftr2-300x152.jpg 300w, https:\/\/spaciosanu.com\/wp-content\/uploads\/2025\/06\/microdermabfaftr2-1024x518.jpg 1024w, https:\/\/spaciosanu.com\/wp-content\/uploads\/2025\/06\/microdermabfaftr2-768x388.jpg 768w, https:\/\/spaciosanu.com\/wp-content\/uploads\/2025\/06\/microdermabfaftr2-1536x777.jpg 1536w, https:\/\/spaciosanu.com\/wp-content\/uploads\/2025\/06\/microdermabfaftr2-18x9.jpg 18w, https:\/\/spaciosanu.com\/wp-content\/uploads\/2025\/06\/microdermabfaftr2-1000x506.jpg 1000w, https:\/\/spaciosanu.com\/wp-content\/uploads\/2025\/06\/microdermabfaftr2-220x111.jpg 220w\" sizes=\"(max-width: 1582px) 100vw, 1582px\" \/>\t\t\t\t\t\t\t\t<\/a>\n\t\t\t\t\t\t\t\t\t\t\t\t\t\t\t<\/div>\n\t\t\t\t<\/div>\n\t\t\t\t<div class=\"elementor-element elementor-element-d0c44eb elementor-hidden-tablet_extra elementor-hidden-tablet elementor-hidden-mobile_extra elementor-hidden-mobile elementor-widget elementor-widget-wdt-before-after-slider\" data-id=\"d0c44eb\" data-element_type=\"widget\" data-e-type=\"widget\" data-settings=\"{&quot;wdt_animation_effect&quot;:&quot;none&quot;}\" data-widget_type=\"wdt-before-after-slider.default\">\n\t\t\t\t<div class=\"elementor-widget-container\">\n\t\t\t\t\t <div class=\"wdt-before-after-slider-container\">  <div class=\"wdt-img wdt-background-img\">  <img decoding=\"async\" src=\"https:\/\/spaciosanu.com\/wp-content\/uploads\/2025\/04\/1.jpg\"><span class=\"wdt-before-after-slider-span-after\">Despu\u00e9s<\/span> <\/div> <div class=\"wdt-img wdt-foreground-img\" style=\"width: 50%;\"> <img decoding=\"async\" src=\"https:\/\/spaciosanu.com\/wp-content\/uploads\/2025\/04\/2.png\"><span class=\"wdt-before-after-slider-span-before\">Antes<\/span> <\/div><input type=\"range\" min=\"1\" max=\"100\" value=\"50\" class=\"wdt-before-after-sliders\" name=\"wdt_before_after_slider\" id=\"wdt_before_after_slider_d0c44eb\"> <div class=\"wdt-slider-button\"><span>Arrastrar<\/span> <\/div> <\/div>\t\t\t\t<\/div>\n\t\t\t\t<\/div>\n\t\t\t\t\t<\/div>\n\t\t<\/div>\n\t\t\t\t\t<\/div>\n\t\t<\/section>\n\t\t\t\t<div class=\"elementor-element elementor-element-cf1e0f3 elementor-widget elementor-widget-heading\" data-id=\"cf1e0f3\" data-element_type=\"widget\" data-e-type=\"widget\" data-settings=\"{&quot;wdt_animation_effect&quot;:&quot;none&quot;}\" data-widget_type=\"heading.default\">\n\t\t\t\t<div class=\"elementor-widget-container\">\n\t\t\t\t\t<h6 class=\"elementor-heading-title elementor-size-default\">Nota: Facial con microdermoabrasi\u00f3n <\/h6>\t\t\t\t<\/div>\n\t\t\t\t<\/div>\n\t\t\t\t<section data-particle_enable=\"false\" data-particle-mobile-disabled=\"false\" class=\"elementor-section elementor-inner-section elementor-element elementor-element-7a4f821 elementor-section-boxed elementor-section-height-default elementor-section-height-default\" data-id=\"7a4f821\" data-element_type=\"section\" data-e-type=\"section\" data-settings=\"{&quot;wdt_bg_image&quot;:{&quot;url&quot;:&quot;&quot;,&quot;id&quot;:&quot;&quot;,&quot;size&quot;:&quot;&quot;},&quot;wdt_bg_image_widescreen&quot;:{&quot;url&quot;:&quot;&quot;,&quot;id&quot;:&quot;&quot;,&quot;size&quot;:&quot;&quot;},&quot;wdt_bg_image_laptop&quot;:{&quot;url&quot;:&quot;&quot;,&quot;id&quot;:&quot;&quot;,&quot;size&quot;:&quot;&quot;},&quot;wdt_bg_image_tablet_extra&quot;:{&quot;url&quot;:&quot;&quot;,&quot;id&quot;:&quot;&quot;,&quot;size&quot;:&quot;&quot;},&quot;wdt_bg_image_tablet&quot;:{&quot;url&quot;:&quot;&quot;,&quot;id&quot;:&quot;&quot;,&quot;size&quot;:&quot;&quot;},&quot;wdt_bg_image_mobile_extra&quot;:{&quot;url&quot;:&quot;&quot;,&quot;id&quot;:&quot;&quot;,&quot;size&quot;:&quot;&quot;},&quot;wdt_bg_image_mobile&quot;:{&quot;url&quot;:&quot;&quot;,&quot;id&quot;:&quot;&quot;,&quot;size&quot;:&quot;&quot;},&quot;wdt_bg_position&quot;:&quot;center center&quot;,&quot;wdt_animation_effect&quot;:&quot;none&quot;}\">\n\t\t\t\t\t\t<div class=\"elementor-container elementor-column-gap-default\">\n\t\t\t\t\t<div class=\"elementor-column elementor-col-100 elementor-inner-column elementor-element elementor-element-a2fa0d2\" data-id=\"a2fa0d2\" data-element_type=\"column\" data-e-type=\"column\">\n\t\t\t<div class=\"elementor-widget-wrap elementor-element-populated\">\n\t\t\t\t\t\t<div class=\"elementor-element elementor-element-8f2112c wdt-custom-side-nav elementor-widget elementor-widget-wdt-side-nav-navigation\" data-id=\"8f2112c\" data-element_type=\"widget\" data-e-type=\"widget\" data-settings=\"{&quot;wdt_animation_effect&quot;:&quot;none&quot;}\" data-widget_type=\"wdt-side-nav-navigation.default\">\n\t\t\t\t<div class=\"elementor-widget-container\">\n\t\t\t\t\t<div class=\"wdt-sidenav-navigation-container\"><div class=\"wdt-sidenav-navigation-prev-wrapper\"><div class=\"wdt-sidenav-navigation-title-wrapper\"><p><a href=\"https:\/\/spaciosanu.com\/es\/our-services\/sanu-custom-signature-facial\/\" title=\"Tratamiento facial personalizado de Sanu\"><i class=\"wdticon-angle-left\"><\/i>Servicio anterior<\/a><\/p><span class=\"zmdi zmdi-long-arrow-left zmdi-hc-fw\"><\/span><h3><a href=\"https:\/\/spaciosanu.com\/es\/our-services\/sanu-custom-signature-facial\/\" title=\"Tratamiento facial personalizado de Sanu\">Tratamiento facial personalizado de Sanu<\/a><\/h3><\/div><\/div><div class=\"wdt-sidenav-navigation-next-wrapper\"><div class=\"wdt-sidenav-navigation-title-wrapper\"><p><a href=\"https:\/\/spaciosanu.com\/es\/our-services\/dermaplaning\/\" title=\"Dermaplaning\">Pr\u00f3ximo servicio<i class=\"wdticon-angle-right\"><\/i><\/a><\/p><span class=\"zmdi zmdi-long-arrow-left zmdi-hc-fw\"><\/span><h3><a href=\"https:\/\/spaciosanu.com\/es\/our-services\/dermaplaning\/\" title=\"Dermaplaning\">Dermaplaning<\/a><\/h3><\/div><\/div><\/div>\t\t\t\t<\/div>\n\t\t\t\t<\/div>\n\t\t\t\t\t<\/div>\n\t\t<\/div>\n\t\t\t\t\t<\/div>\n\t\t<\/section>\n\t\t\t\t\t<\/div>\n\t\t<\/div>\n\t\t\t\t\t<\/div>\n\t\t<\/section>\n\t\t\t\t<\/div>","protected":false},"excerpt":{"rendered":"<p>Microdermabrasion Microdermabrasion is a non-invasive skincare treatment that gently exfoliates, removing dead skin cells and promoting the growth of new, healthy skin. Whether you\u2019re dealing with rough texture, clogged pores, or uneven skin tone, this treatment works wonders to renew and refresh your skin. At Spacio Sanu, we use professional-grade microdermabrasion techniques and equipment, to [&hellip;]<\/p>","protected":false},"author":1,"featured_media":0,"parent":651,"menu_order":0,"comment_status":"closed","ping_status":"closed","template":"tpl-side-nav.php","meta":{"footnotes":""},"class_list":["post-1739","page","type-page","status-publish","hentry"],"_links":{"self":[{"href":"https:\/\/spaciosanu.com\/es\/wp-json\/wp\/v2\/pages\/1739","targetHints":{"allow":["GET"]}}],"collection":[{"href":"https:\/\/spaciosanu.com\/es\/wp-json\/wp\/v2\/pages"}],"about":[{"href":"https:\/\/spaciosanu.com\/es\/wp-json\/wp\/v2\/types\/page"}],"author":[{"embeddable":true,"href":"https:\/\/spaciosanu.com\/es\/wp-json\/wp\/v2\/users\/1"}],"replies":[{"embeddable":true,"href":"https:\/\/spaciosanu.com\/es\/wp-json\/wp\/v2\/comments?post=1739"}],"version-history":[{"count":31,"href":"https:\/\/spaciosanu.com\/es\/wp-json\/wp\/v2\/pages\/1739\/revisions"}],"predecessor-version":[{"id":3272,"href":"https:\/\/spaciosanu.com\/es\/wp-json\/wp\/v2\/pages\/1739\/revisions\/3272"}],"up":[{"embeddable":true,"href":"https:\/\/spaciosanu.com\/es\/wp-json\/wp\/v2\/pages\/651"}],"wp:attachment":[{"href":"https:\/\/spaciosanu.com\/es\/wp-json\/wp\/v2\/media?parent=1739"}],"curies":[{"name":"gracias","href":"https:\/\/api.w.org\/{rel}","templated":true}]}}