{"id":1745,"date":"2025-02-16T16:45:55","date_gmt":"2025-02-16T16:45:55","guid":{"rendered":"https:\/\/sanuspa.derntech.com\/?page_id=1745"},"modified":"2025-06-27T13:31:17","modified_gmt":"2025-06-27T13:31:17","slug":"dermaplaning","status":"publish","type":"page","link":"https:\/\/spaciosanu.com\/es\/our-services\/dermaplaning\/","title":{"rendered":"Dermaplaning"},"content":{"rendered":"<div data-elementor-type=\"wp-page\" data-elementor-id=\"1745\" class=\"elementor elementor-1745\" data-elementor-post-type=\"page\">\n\t\t\t\t\t\t<section data-particle_enable=\"false\" data-particle-mobile-disabled=\"false\" class=\"elementor-section elementor-top-section elementor-element elementor-element-4040e19 elementor-section-full_width elementor-section-height-default elementor-section-height-default\" data-id=\"4040e19\" data-element_type=\"section\" data-e-type=\"section\" data-settings=\"{&quot;wdt_bg_image&quot;:{&quot;url&quot;:&quot;&quot;,&quot;id&quot;:&quot;&quot;,&quot;size&quot;:&quot;&quot;},&quot;wdt_bg_image_widescreen&quot;:{&quot;url&quot;:&quot;&quot;,&quot;id&quot;:&quot;&quot;,&quot;size&quot;:&quot;&quot;},&quot;wdt_bg_image_laptop&quot;:{&quot;url&quot;:&quot;&quot;,&quot;id&quot;:&quot;&quot;,&quot;size&quot;:&quot;&quot;},&quot;wdt_bg_image_tablet_extra&quot;:{&quot;url&quot;:&quot;&quot;,&quot;id&quot;:&quot;&quot;,&quot;size&quot;:&quot;&quot;},&quot;wdt_bg_image_tablet&quot;:{&quot;url&quot;:&quot;&quot;,&quot;id&quot;:&quot;&quot;,&quot;size&quot;:&quot;&quot;},&quot;wdt_bg_image_mobile_extra&quot;:{&quot;url&quot;:&quot;&quot;,&quot;id&quot;:&quot;&quot;,&quot;size&quot;:&quot;&quot;},&quot;wdt_bg_image_mobile&quot;:{&quot;url&quot;:&quot;&quot;,&quot;id&quot;:&quot;&quot;,&quot;size&quot;:&quot;&quot;},&quot;wdt_bg_position&quot;:&quot;center center&quot;,&quot;wdt_animation_effect&quot;:&quot;none&quot;}\">\n\t\t\t\t\t\t<div class=\"elementor-container elementor-column-gap-no\">\n\t\t\t\t\t<div class=\"elementor-column elementor-col-100 elementor-top-column elementor-element elementor-element-d5e4bb4\" data-id=\"d5e4bb4\" data-element_type=\"column\" data-e-type=\"column\">\n\t\t\t<div class=\"elementor-widget-wrap elementor-element-populated\">\n\t\t\t\t\t\t<section data-particle_enable=\"false\" data-particle-mobile-disabled=\"false\" class=\"elementor-section elementor-inner-section elementor-element elementor-element-74116f6 elementor-section-full_width elementor-section-height-default elementor-section-height-default\" data-id=\"74116f6\" data-element_type=\"section\" data-e-type=\"section\" data-settings=\"{&quot;wdt_bg_image&quot;:{&quot;url&quot;:&quot;&quot;,&quot;id&quot;:&quot;&quot;,&quot;size&quot;:&quot;&quot;},&quot;wdt_bg_image_widescreen&quot;:{&quot;url&quot;:&quot;&quot;,&quot;id&quot;:&quot;&quot;,&quot;size&quot;:&quot;&quot;},&quot;wdt_bg_image_laptop&quot;:{&quot;url&quot;:&quot;&quot;,&quot;id&quot;:&quot;&quot;,&quot;size&quot;:&quot;&quot;},&quot;wdt_bg_image_tablet_extra&quot;:{&quot;url&quot;:&quot;&quot;,&quot;id&quot;:&quot;&quot;,&quot;size&quot;:&quot;&quot;},&quot;wdt_bg_image_tablet&quot;:{&quot;url&quot;:&quot;&quot;,&quot;id&quot;:&quot;&quot;,&quot;size&quot;:&quot;&quot;},&quot;wdt_bg_image_mobile_extra&quot;:{&quot;url&quot;:&quot;&quot;,&quot;id&quot;:&quot;&quot;,&quot;size&quot;:&quot;&quot;},&quot;wdt_bg_image_mobile&quot;:{&quot;url&quot;:&quot;&quot;,&quot;id&quot;:&quot;&quot;,&quot;size&quot;:&quot;&quot;},&quot;wdt_bg_position&quot;:&quot;center center&quot;,&quot;wdt_animation_effect&quot;:&quot;none&quot;}\">\n\t\t\t\t\t\t<div class=\"elementor-container elementor-column-gap-no\">\n\t\t\t\t\t<div class=\"elementor-column elementor-col-100 elementor-inner-column elementor-element elementor-element-4188403\" data-id=\"4188403\" data-element_type=\"column\" data-e-type=\"column\">\n\t\t\t<div class=\"elementor-widget-wrap elementor-element-populated\">\n\t\t\t\t\t\t<div class=\"elementor-element elementor-element-080d4ff elementor-widget elementor-widget-image\" data-id=\"080d4ff\" data-element_type=\"widget\" data-e-type=\"widget\" data-settings=\"{&quot;wdt_animation_effect&quot;:&quot;none&quot;}\" data-widget_type=\"image.default\">\n\t\t\t\t<div class=\"elementor-widget-container\">\n\t\t\t\t\t\t\t\t\t\t\t\t\t\t\t<img fetchpriority=\"high\" decoding=\"async\" width=\"1600\" height=\"1068\" src=\"https:\/\/spaciosanu.com\/wp-content\/uploads\/2025\/02\/Dermaplaning.jpg\" class=\"attachment-full size-full wp-image-1747\" alt=\"\" srcset=\"https:\/\/spaciosanu.com\/wp-content\/uploads\/2025\/02\/Dermaplaning.jpg 1600w, https:\/\/spaciosanu.com\/wp-content\/uploads\/2025\/02\/Dermaplaning-300x200.jpg 300w, https:\/\/spaciosanu.com\/wp-content\/uploads\/2025\/02\/Dermaplaning-1024x684.jpg 1024w, https:\/\/spaciosanu.com\/wp-content\/uploads\/2025\/02\/Dermaplaning-768x513.jpg 768w, https:\/\/spaciosanu.com\/wp-content\/uploads\/2025\/02\/Dermaplaning-1536x1025.jpg 1536w, https:\/\/spaciosanu.com\/wp-content\/uploads\/2025\/02\/Dermaplaning-1000x668.jpg 1000w\" sizes=\"(max-width: 1600px) 100vw, 1600px\" \/>\t\t\t\t\t\t\t\t\t\t\t\t\t\t\t<\/div>\n\t\t\t\t<\/div>\n\t\t\t\t<div class=\"elementor-element elementor-element-a3f474a start elementor-widget elementor-widget-wdt-heading\" data-id=\"a3f474a\" data-element_type=\"widget\" data-e-type=\"widget\" data-settings=\"{&quot;wdt_animation_effect&quot;:&quot;none&quot;}\" data-widget_type=\"wdt-heading.default\">\n\t\t\t\t<div class=\"elementor-widget-container\">\n\t\t\t\t\t<div class=\"wdt-heading-holder\" id=\"wdt-heading-a3f474a\"><h2 class=\"wdt-heading-title-wrapper wdt-heading-align-1 wdt-heading-deco-wrapper\"><span class=\"wdt-heading-title\">Dermaplaning<\/span><\/h2><div class=\"wdt-heading-content-wrapper\">El dermaplaning es un tratamiento exfoliante avanzado que elimina las c\u00e9lulas muertas y el vello facial, revelando una tez m\u00e1s suave y luminosa. Este tratamiento indoloro utiliza t\u00e9cnicas profesionales de dermaplaning para exfoliar suavemente la piel y promover una apariencia impecable y radiante. \n<br><br>\nEs la opci\u00f3n perfecta para quienes buscan una piel renovada y tersa. Nuestros esteticistas expertos garantizan un tratamiento seguro y eficaz, adaptado a su tipo de piel.\n<\/div><\/div>\t\t\t\t<\/div>\n\t\t\t\t<\/div>\n\t\t\t\t\t<\/div>\n\t\t<\/div>\n\t\t\t\t\t<\/div>\n\t\t<\/section>\n\t\t\t\t<section data-particle_enable=\"false\" data-particle-mobile-disabled=\"false\" class=\"elementor-section elementor-inner-section elementor-element elementor-element-f851569 elementor-section-full_width elementor-section-height-default elementor-section-height-default\" data-id=\"f851569\" data-element_type=\"section\" data-e-type=\"section\" data-settings=\"{&quot;wdt_bg_image&quot;:{&quot;url&quot;:&quot;&quot;,&quot;id&quot;:&quot;&quot;,&quot;size&quot;:&quot;&quot;},&quot;wdt_bg_image_widescreen&quot;:{&quot;url&quot;:&quot;&quot;,&quot;id&quot;:&quot;&quot;,&quot;size&quot;:&quot;&quot;},&quot;wdt_bg_image_laptop&quot;:{&quot;url&quot;:&quot;&quot;,&quot;id&quot;:&quot;&quot;,&quot;size&quot;:&quot;&quot;},&quot;wdt_bg_image_tablet_extra&quot;:{&quot;url&quot;:&quot;&quot;,&quot;id&quot;:&quot;&quot;,&quot;size&quot;:&quot;&quot;},&quot;wdt_bg_image_tablet&quot;:{&quot;url&quot;:&quot;&quot;,&quot;id&quot;:&quot;&quot;,&quot;size&quot;:&quot;&quot;},&quot;wdt_bg_image_mobile_extra&quot;:{&quot;url&quot;:&quot;&quot;,&quot;id&quot;:&quot;&quot;,&quot;size&quot;:&quot;&quot;},&quot;wdt_bg_image_mobile&quot;:{&quot;url&quot;:&quot;&quot;,&quot;id&quot;:&quot;&quot;,&quot;size&quot;:&quot;&quot;},&quot;wdt_bg_position&quot;:&quot;center center&quot;,&quot;wdt_animation_effect&quot;:&quot;none&quot;}\">\n\t\t\t\t\t\t<div class=\"elementor-container elementor-column-gap-no\">\n\t\t\t\t\t<div class=\"elementor-column elementor-col-100 elementor-inner-column elementor-element elementor-element-08d6cac\" data-id=\"08d6cac\" data-element_type=\"column\" data-e-type=\"column\">\n\t\t\t<div class=\"elementor-widget-wrap elementor-element-populated\">\n\t\t\t\t\t\t<div class=\"elementor-element elementor-element-952da62 elementor-widget elementor-widget-image\" data-id=\"952da62\" data-element_type=\"widget\" data-e-type=\"widget\" data-settings=\"{&quot;wdt_animation_effect&quot;:&quot;none&quot;}\" data-widget_type=\"image.default\">\n\t\t\t\t<div class=\"elementor-widget-container\">\n\t\t\t\t\t\t\t\t\t\t\t\t\t\t\t<img decoding=\"async\" src=\"https:\/\/spaciosanu.com\/wp-content\/uploads\/elementor\/thumbs\/dermaplan-r7uk97c76hadb054dppczyclke6sqz6wiby353zfgg.jpeg\" title=\"Dermaplan\" alt=\"dermaplan\" loading=\"lazy\" \/>\t\t\t\t\t\t\t\t\t\t\t\t\t\t\t<\/div>\n\t\t\t\t<\/div>\n\t\t\t\t<div class=\"elementor-element elementor-element-bce8f7e start elementor-widget elementor-widget-wdt-heading\" data-id=\"bce8f7e\" data-element_type=\"widget\" data-e-type=\"widget\" data-settings=\"{&quot;wdt_animation_effect&quot;:&quot;none&quot;}\" data-widget_type=\"wdt-heading.default\">\n\t\t\t\t<div class=\"elementor-widget-container\">\n\t\t\t\t\t<div class=\"wdt-heading-holder\" id=\"wdt-heading-bce8f7e\"><h2 class=\"wdt-heading-title-wrapper wdt-heading-align-1 wdt-heading-deco-wrapper\"><span class=\"wdt-heading-title\">Beneficios del Dermaplaning:<\/span><\/h2><div class=\"wdt-heading-content-wrapper\">Tras una sola sesi\u00f3n, su piel lucir\u00e1 radiante, m\u00e1s suave y con una textura m\u00e1s tersa. El dermaplaning es uno de los tratamientos de exfoliaci\u00f3n m\u00e1s completos, con resultados m\u00e1s visibles inmediatamente despu\u00e9s de la sesi\u00f3n y sin tiempo de recuperaci\u00f3n.<br><br>\n\u2714Eliminar las c\u00e9lulas muertas de la piel<br>\n\u2714 Elimina el vello facial<br>\n\u2714 Mejora la absorci\u00f3n de los productos para el cuidado de la piel.<br>\n\u2714 Mejora la absorci\u00f3n del producto.<br>\n\u2714 Reduce la opacidad promoviendo un brillo natural.<br>\n\u2714 Ayuda a evitar el acn\u00e9<br>\n\u2714 Ilumina y unifica la piel al instante<br>\n\u2714 Permite una mejor aplicaci\u00f3n del maquillaje.<br><br>\n\nEste tratamiento incluye limpieza, tonificaci\u00f3n, exfoliaci\u00f3n ligera y mascarilla facial.<\/div><\/div>\t\t\t\t<\/div>\n\t\t\t\t<\/div>\n\t\t\t\t<div class=\"elementor-element elementor-element-5a1a2e3 elementor-hidden-widescreen elementor-hidden-desktop elementor-hidden-laptop elementor-widget elementor-widget-image\" data-id=\"5a1a2e3\" data-element_type=\"widget\" data-e-type=\"widget\" data-settings=\"{&quot;wdt_animation_effect&quot;:&quot;none&quot;}\" data-widget_type=\"image.default\">\n\t\t\t\t<div class=\"elementor-widget-container\">\n\t\t\t\t\t\t\t\t\t\t\t\t\t\t\t\t<a href=\"https:\/\/spaciosanu.com\/wp-content\/uploads\/2025\/06\/dermaplaningbfrafter.jpg\" data-elementor-open-lightbox=\"yes\" data-elementor-lightbox-title=\"dermaplaningbfrafter\" data-e-action-hash=\"#elementor-action%3Aaction%3Dlightbox%26settings%3DeyJpZCI6MzI0MiwidXJsIjoiaHR0cHM6XC9cL3NwYWNpb3NhbnUuY29tXC93cC1jb250ZW50XC91cGxvYWRzXC8yMDI1XC8wNlwvZGVybWFwbGFuaW5nYmZyYWZ0ZXIuanBnIn0%3D\">\n\t\t\t\t\t\t\t<img decoding=\"async\" width=\"1582\" height=\"800\" src=\"https:\/\/spaciosanu.com\/wp-content\/uploads\/2025\/06\/dermaplaningbfrafter.jpg\" class=\"attachment-full size-full wp-image-3242\" alt=\"\" srcset=\"https:\/\/spaciosanu.com\/wp-content\/uploads\/2025\/06\/dermaplaningbfrafter.jpg 1582w, https:\/\/spaciosanu.com\/wp-content\/uploads\/2025\/06\/dermaplaningbfrafter-300x152.jpg 300w, https:\/\/spaciosanu.com\/wp-content\/uploads\/2025\/06\/dermaplaningbfrafter-1024x518.jpg 1024w, https:\/\/spaciosanu.com\/wp-content\/uploads\/2025\/06\/dermaplaningbfrafter-768x388.jpg 768w, https:\/\/spaciosanu.com\/wp-content\/uploads\/2025\/06\/dermaplaningbfrafter-1536x777.jpg 1536w, https:\/\/spaciosanu.com\/wp-content\/uploads\/2025\/06\/dermaplaningbfrafter-18x9.jpg 18w, https:\/\/spaciosanu.com\/wp-content\/uploads\/2025\/06\/dermaplaningbfrafter-1000x506.jpg 1000w, https:\/\/spaciosanu.com\/wp-content\/uploads\/2025\/06\/dermaplaningbfrafter-220x111.jpg 220w\" sizes=\"(max-width: 1582px) 100vw, 1582px\" \/>\t\t\t\t\t\t\t\t<\/a>\n\t\t\t\t\t\t\t\t\t\t\t\t\t\t\t<\/div>\n\t\t\t\t<\/div>\n\t\t\t\t<div class=\"elementor-element elementor-element-f9c8798 elementor-widget__width-initial elementor-hidden-tablet_extra elementor-hidden-tablet elementor-hidden-mobile_extra elementor-hidden-mobile elementor-widget elementor-widget-wdt-before-after-slider\" data-id=\"f9c8798\" data-element_type=\"widget\" data-e-type=\"widget\" data-settings=\"{&quot;wdt_animation_effect&quot;:&quot;none&quot;}\" data-widget_type=\"wdt-before-after-slider.default\">\n\t\t\t\t<div class=\"elementor-widget-container\">\n\t\t\t\t\t <div class=\"wdt-before-after-slider-container\">  <div class=\"wdt-img wdt-background-img\">  <img decoding=\"async\" src=\"https:\/\/spaciosanu.com\/wp-content\/uploads\/2025\/04\/PCA-Oxygen-Treatment-2.webp\"><span class=\"wdt-before-after-slider-span-after\">Despu\u00e9s<\/span> <\/div> <div class=\"wdt-img wdt-foreground-img\" style=\"width: 50%;\"> <img decoding=\"async\" src=\"https:\/\/spaciosanu.com\/wp-content\/uploads\/2025\/04\/PCA-Oxygen-Treatment.webp\"><span class=\"wdt-before-after-slider-span-before\">Antes<\/span> <\/div><input type=\"range\" min=\"1\" max=\"100\" value=\"50\" class=\"wdt-before-after-sliders\" name=\"wdt_before_after_slider\" id=\"wdt_before_after_slider_f9c8798\"> <div class=\"wdt-slider-button\"><span>Arrastrar<\/span> <\/div> <\/div>\t\t\t\t<\/div>\n\t\t\t\t<\/div>\n\t\t\t\t<div class=\"elementor-element elementor-element-8f2112c wdt-custom-side-nav elementor-widget elementor-widget-wdt-side-nav-navigation\" data-id=\"8f2112c\" data-element_type=\"widget\" data-e-type=\"widget\" data-settings=\"{&quot;wdt_animation_effect&quot;:&quot;none&quot;}\" data-widget_type=\"wdt-side-nav-navigation.default\">\n\t\t\t\t<div class=\"elementor-widget-container\">\n\t\t\t\t\t<div class=\"wdt-sidenav-navigation-container\"><div class=\"wdt-sidenav-navigation-prev-wrapper\"><div class=\"wdt-sidenav-navigation-title-wrapper\"><p><a href=\"https:\/\/spaciosanu.com\/es\/our-services\/microdermabrasion\/\" title=\"Microdermoabrasi\u00f3n\"><i class=\"wdticon-angle-left\"><\/i>Servicio anterior<\/a><\/p><span class=\"zmdi zmdi-long-arrow-left zmdi-hc-fw\"><\/span><h3><a href=\"https:\/\/spaciosanu.com\/es\/our-services\/microdermabrasion\/\" title=\"Microdermoabrasi\u00f3n\">Microdermoabrasi\u00f3n<\/a><\/h3><\/div><\/div><div class=\"wdt-sidenav-navigation-next-wrapper\"><div class=\"wdt-sidenav-navigation-title-wrapper\"><p><a href=\"https:\/\/spaciosanu.com\/es\/our-services\/pca-chemical-peel\/\" title=\"Peeling qu\u00edmico de PCA\">Pr\u00f3ximo servicio<i class=\"wdticon-angle-right\"><\/i><\/a><\/p><span class=\"zmdi zmdi-long-arrow-left zmdi-hc-fw\"><\/span><h3><a href=\"https:\/\/spaciosanu.com\/es\/our-services\/pca-chemical-peel\/\" title=\"Peeling qu\u00edmico de PCA\">Peeling qu\u00edmico de PCA<\/a><\/h3><\/div><\/div><\/div>\t\t\t\t<\/div>\n\t\t\t\t<\/div>\n\t\t\t\t\t<\/div>\n\t\t<\/div>\n\t\t\t\t\t<\/div>\n\t\t<\/section>\n\t\t\t\t\t<\/div>\n\t\t<\/div>\n\t\t\t\t\t<\/div>\n\t\t<\/section>\n\t\t\t\t<\/div>","protected":false},"excerpt":{"rendered":"<p>Dermaplaning es un tratamiento de exfoliaci\u00f3n avanzado que elimina las c\u00e9lulas muertas y el vello facial, revelando una tez m\u00e1s suave y luminosa. Este tratamiento indoloro utiliza t\u00e9cnicas profesionales de dermaplaning para exfoliar suavemente la piel y promover una apariencia impecable y radiante. Es la opci\u00f3n perfecta para quienes buscan una piel renovada y tersa. Nuestro experto [\u2026]<\/p>","protected":false},"author":1,"featured_media":0,"parent":651,"menu_order":0,"comment_status":"closed","ping_status":"closed","template":"tpl-side-nav.php","meta":{"footnotes":""},"class_list":["post-1745","page","type-page","status-publish","hentry"],"_links":{"self":[{"href":"https:\/\/spaciosanu.com\/es\/wp-json\/wp\/v2\/pages\/1745","targetHints":{"allow":["GET"]}}],"collection":[{"href":"https:\/\/spaciosanu.com\/es\/wp-json\/wp\/v2\/pages"}],"about":[{"href":"https:\/\/spaciosanu.com\/es\/wp-json\/wp\/v2\/types\/page"}],"author":[{"embeddable":true,"href":"https:\/\/spaciosanu.com\/es\/wp-json\/wp\/v2\/users\/1"}],"replies":[{"embeddable":true,"href":"https:\/\/spaciosanu.com\/es\/wp-json\/wp\/v2\/comments?post=1745"}],"version-history":[{"count":37,"href":"https:\/\/spaciosanu.com\/es\/wp-json\/wp\/v2\/pages\/1745\/revisions"}],"predecessor-version":[{"id":3245,"href":"https:\/\/spaciosanu.com\/es\/wp-json\/wp\/v2\/pages\/1745\/revisions\/3245"}],"up":[{"embeddable":true,"href":"https:\/\/spaciosanu.com\/es\/wp-json\/wp\/v2\/pages\/651"}],"wp:attachment":[{"href":"https:\/\/spaciosanu.com\/es\/wp-json\/wp\/v2\/media?parent=1745"}],"curies":[{"name":"gracias","href":"https:\/\/api.w.org\/{rel}","templated":true}]}}