{"id":1751,"date":"2025-02-16T16:49:53","date_gmt":"2025-02-16T16:49:53","guid":{"rendered":"https:\/\/sanuspa.derntech.com\/?page_id=1751"},"modified":"2025-06-27T13:43:05","modified_gmt":"2025-06-27T13:43:05","slug":"pca-chemical-peel","status":"publish","type":"page","link":"https:\/\/spaciosanu.com\/es\/our-services\/pca-chemical-peel\/","title":{"rendered":"Peeling qu\u00edmico de PCA"},"content":{"rendered":"<div data-elementor-type=\"wp-page\" data-elementor-id=\"1751\" class=\"elementor elementor-1751\" data-elementor-post-type=\"page\">\n\t\t\t\t\t\t<section data-particle_enable=\"false\" data-particle-mobile-disabled=\"false\" class=\"elementor-section elementor-top-section elementor-element elementor-element-4040e19 elementor-section-full_width elementor-section-height-default elementor-section-height-default\" data-id=\"4040e19\" data-element_type=\"section\" data-e-type=\"section\" data-settings=\"{&quot;wdt_bg_image&quot;:{&quot;url&quot;:&quot;&quot;,&quot;id&quot;:&quot;&quot;,&quot;size&quot;:&quot;&quot;},&quot;wdt_bg_image_widescreen&quot;:{&quot;url&quot;:&quot;&quot;,&quot;id&quot;:&quot;&quot;,&quot;size&quot;:&quot;&quot;},&quot;wdt_bg_image_laptop&quot;:{&quot;url&quot;:&quot;&quot;,&quot;id&quot;:&quot;&quot;,&quot;size&quot;:&quot;&quot;},&quot;wdt_bg_image_tablet_extra&quot;:{&quot;url&quot;:&quot;&quot;,&quot;id&quot;:&quot;&quot;,&quot;size&quot;:&quot;&quot;},&quot;wdt_bg_image_tablet&quot;:{&quot;url&quot;:&quot;&quot;,&quot;id&quot;:&quot;&quot;,&quot;size&quot;:&quot;&quot;},&quot;wdt_bg_image_mobile_extra&quot;:{&quot;url&quot;:&quot;&quot;,&quot;id&quot;:&quot;&quot;,&quot;size&quot;:&quot;&quot;},&quot;wdt_bg_image_mobile&quot;:{&quot;url&quot;:&quot;&quot;,&quot;id&quot;:&quot;&quot;,&quot;size&quot;:&quot;&quot;},&quot;wdt_bg_position&quot;:&quot;center center&quot;,&quot;wdt_animation_effect&quot;:&quot;none&quot;}\">\n\t\t\t\t\t\t<div class=\"elementor-container elementor-column-gap-no\">\n\t\t\t\t\t<div class=\"elementor-column elementor-col-100 elementor-top-column elementor-element elementor-element-d5e4bb4\" data-id=\"d5e4bb4\" data-element_type=\"column\" data-e-type=\"column\">\n\t\t\t<div class=\"elementor-widget-wrap elementor-element-populated\">\n\t\t\t\t\t\t<section data-particle_enable=\"false\" data-particle-mobile-disabled=\"false\" class=\"elementor-section elementor-inner-section elementor-element elementor-element-74116f6 elementor-section-full_width elementor-section-height-default elementor-section-height-default\" data-id=\"74116f6\" data-element_type=\"section\" data-e-type=\"section\" data-settings=\"{&quot;wdt_bg_image&quot;:{&quot;url&quot;:&quot;&quot;,&quot;id&quot;:&quot;&quot;,&quot;size&quot;:&quot;&quot;},&quot;wdt_bg_image_widescreen&quot;:{&quot;url&quot;:&quot;&quot;,&quot;id&quot;:&quot;&quot;,&quot;size&quot;:&quot;&quot;},&quot;wdt_bg_image_laptop&quot;:{&quot;url&quot;:&quot;&quot;,&quot;id&quot;:&quot;&quot;,&quot;size&quot;:&quot;&quot;},&quot;wdt_bg_image_tablet_extra&quot;:{&quot;url&quot;:&quot;&quot;,&quot;id&quot;:&quot;&quot;,&quot;size&quot;:&quot;&quot;},&quot;wdt_bg_image_tablet&quot;:{&quot;url&quot;:&quot;&quot;,&quot;id&quot;:&quot;&quot;,&quot;size&quot;:&quot;&quot;},&quot;wdt_bg_image_mobile_extra&quot;:{&quot;url&quot;:&quot;&quot;,&quot;id&quot;:&quot;&quot;,&quot;size&quot;:&quot;&quot;},&quot;wdt_bg_image_mobile&quot;:{&quot;url&quot;:&quot;&quot;,&quot;id&quot;:&quot;&quot;,&quot;size&quot;:&quot;&quot;},&quot;wdt_bg_position&quot;:&quot;center center&quot;,&quot;wdt_animation_effect&quot;:&quot;none&quot;}\">\n\t\t\t\t\t\t<div class=\"elementor-container elementor-column-gap-no\">\n\t\t\t\t\t<div class=\"elementor-column elementor-col-100 elementor-inner-column elementor-element elementor-element-4188403\" data-id=\"4188403\" data-element_type=\"column\" data-e-type=\"column\">\n\t\t\t<div class=\"elementor-widget-wrap elementor-element-populated\">\n\t\t\t\t\t\t<div class=\"elementor-element elementor-element-080d4ff elementor-widget elementor-widget-image\" data-id=\"080d4ff\" data-element_type=\"widget\" data-e-type=\"widget\" data-settings=\"{&quot;wdt_animation_effect&quot;:&quot;none&quot;}\" data-widget_type=\"image.default\">\n\t\t\t\t<div class=\"elementor-widget-container\">\n\t\t\t\t\t\t\t\t\t\t\t\t\t\t\t<img fetchpriority=\"high\" decoding=\"async\" width=\"694\" height=\"576\" src=\"https:\/\/spaciosanu.com\/wp-content\/uploads\/2025\/06\/Chemicalpeel.jpg\" class=\"attachment-full size-full wp-image-3134\" alt=\"\" srcset=\"https:\/\/spaciosanu.com\/wp-content\/uploads\/2025\/06\/Chemicalpeel.jpg 694w, https:\/\/spaciosanu.com\/wp-content\/uploads\/2025\/06\/Chemicalpeel-300x249.jpg 300w, https:\/\/spaciosanu.com\/wp-content\/uploads\/2025\/06\/Chemicalpeel-14x12.jpg 14w, https:\/\/spaciosanu.com\/wp-content\/uploads\/2025\/06\/Chemicalpeel-186x154.jpg 186w\" sizes=\"(max-width: 694px) 100vw, 694px\" \/>\t\t\t\t\t\t\t\t\t\t\t\t\t\t\t<\/div>\n\t\t\t\t<\/div>\n\t\t\t\t<div class=\"elementor-element elementor-element-a3f474a start elementor-widget elementor-widget-wdt-heading\" data-id=\"a3f474a\" data-element_type=\"widget\" data-e-type=\"widget\" data-settings=\"{&quot;wdt_animation_effect&quot;:&quot;none&quot;}\" data-widget_type=\"wdt-heading.default\">\n\t\t\t\t<div class=\"elementor-widget-container\">\n\t\t\t\t\t<div class=\"wdt-heading-holder\" id=\"wdt-heading-a3f474a\"><h2 class=\"wdt-heading-title-wrapper wdt-heading-align-1 wdt-heading-deco-wrapper\"><span class=\"wdt-heading-title\">Peeling qu\u00edmico de PCA<\/span><\/h2><div class=\"wdt-heading-content-wrapper\">El peeling qu\u00edmico PCA es un tratamiento exfoliante de calidad profesional que trata problemas de la piel como el acn\u00e9, la hiperpigmentaci\u00f3n y las l\u00edneas de expresi\u00f3n. Este tratamiento ayuda a acelerar la renovaci\u00f3n celular, revelando una piel m\u00e1s sana, clara y joven con el tiempo.\n<br><br>\nEn Spacio Sanu, ofrecemos peelings qu\u00edmicos PCA aptos para todo tipo de piel, con formulaciones para tratar cualquier afecci\u00f3n cut\u00e1nea y con diferentes niveles de profundidad. Desde exfoliaciones sin descamaci\u00f3n visible ni tiempo de recuperaci\u00f3n hasta tratamientos m\u00e1s profundos con descamaci\u00f3n visible y resultados mejorados, adaptados a las necesidades de su piel. Ya sea que busque iluminar la piel opaca, reducir los brotes o minimizar las l\u00edneas de expresi\u00f3n, nuestros esteticistas expertos utilizan productos PCA Skin de alta calidad para ofrecer resultados seguros y efectivos.\n<\/div><\/div>\t\t\t\t<\/div>\n\t\t\t\t<\/div>\n\t\t\t\t\t<\/div>\n\t\t<\/div>\n\t\t\t\t\t<\/div>\n\t\t<\/section>\n\t\t\t\t<section data-particle_enable=\"false\" data-particle-mobile-disabled=\"false\" class=\"elementor-section elementor-inner-section elementor-element elementor-element-f851569 elementor-section-full_width elementor-section-height-default elementor-section-height-default\" data-id=\"f851569\" data-element_type=\"section\" data-e-type=\"section\" data-settings=\"{&quot;wdt_bg_image&quot;:{&quot;url&quot;:&quot;&quot;,&quot;id&quot;:&quot;&quot;,&quot;size&quot;:&quot;&quot;},&quot;wdt_bg_image_widescreen&quot;:{&quot;url&quot;:&quot;&quot;,&quot;id&quot;:&quot;&quot;,&quot;size&quot;:&quot;&quot;},&quot;wdt_bg_image_laptop&quot;:{&quot;url&quot;:&quot;&quot;,&quot;id&quot;:&quot;&quot;,&quot;size&quot;:&quot;&quot;},&quot;wdt_bg_image_tablet_extra&quot;:{&quot;url&quot;:&quot;&quot;,&quot;id&quot;:&quot;&quot;,&quot;size&quot;:&quot;&quot;},&quot;wdt_bg_image_tablet&quot;:{&quot;url&quot;:&quot;&quot;,&quot;id&quot;:&quot;&quot;,&quot;size&quot;:&quot;&quot;},&quot;wdt_bg_image_mobile_extra&quot;:{&quot;url&quot;:&quot;&quot;,&quot;id&quot;:&quot;&quot;,&quot;size&quot;:&quot;&quot;},&quot;wdt_bg_image_mobile&quot;:{&quot;url&quot;:&quot;&quot;,&quot;id&quot;:&quot;&quot;,&quot;size&quot;:&quot;&quot;},&quot;wdt_bg_position&quot;:&quot;center center&quot;,&quot;wdt_animation_effect&quot;:&quot;none&quot;}\">\n\t\t\t\t\t\t<div class=\"elementor-container elementor-column-gap-no\">\n\t\t\t\t\t<div class=\"elementor-column elementor-col-100 elementor-inner-column elementor-element elementor-element-08d6cac\" data-id=\"08d6cac\" data-element_type=\"column\" data-e-type=\"column\">\n\t\t\t<div class=\"elementor-widget-wrap elementor-element-populated\">\n\t\t\t\t\t\t<div class=\"elementor-element elementor-element-bce8f7e start elementor-widget elementor-widget-wdt-heading\" data-id=\"bce8f7e\" data-element_type=\"widget\" data-e-type=\"widget\" data-settings=\"{&quot;wdt_animation_effect&quot;:&quot;none&quot;}\" data-widget_type=\"wdt-heading.default\">\n\t\t\t\t<div class=\"elementor-widget-container\">\n\t\t\t\t\t<div class=\"wdt-heading-holder\" id=\"wdt-heading-bce8f7e\"><h2 class=\"wdt-heading-title-wrapper wdt-heading-align-1 wdt-heading-deco-wrapper\"><span class=\"wdt-heading-title\">Beneficios del peeling qu\u00edmico de PCA:<\/span><\/h2><div class=\"wdt-heading-content-wrapper\">Una exfoliaci\u00f3n qu\u00edmica de PCA regular le ayudar\u00e1 a lograr una piel hermosa y saludable para mejorar el tono y la textura de la piel:<br><br>\n\u2714 Reduce y elimina el acn\u00e9 y la hiperpigmentaci\u00f3n.<br>\n\u2714 Estimula la producci\u00f3n de col\u00e1geno para una piel joven, minimizando las l\u00edneas finas y las arrugas.<br>\n\u2714 Reduce la opacidad<br>\n\u2714 Desintoxica los poros y ayuda a promover una tez clara.<br>\n\u2714 Promueve el rejuvenecimiento y la renovaci\u00f3n de la piel.<br>\n\u2714 Aumenta visiblemente el brillo, la luminosidad y la luminosidad de la piel.<br><br>\n\nEste servicio no requiere extracciones. \n<\/div><\/div>\t\t\t\t<\/div>\n\t\t\t\t<\/div>\n\t\t<div data-particle_enable=\"false\" data-particle-mobile-disabled=\"false\" class=\"elementor-element elementor-element-381ebf6 e-flex e-con-boxed e-con e-parent\" data-id=\"381ebf6\" data-element_type=\"container\" data-e-type=\"container\">\n\t\t\t\t\t<div class=\"e-con-inner\">\n\t\t\t\t<div class=\"elementor-element elementor-element-8d24dc7 elementor-widget elementor-widget-image\" data-id=\"8d24dc7\" data-element_type=\"widget\" data-e-type=\"widget\" data-settings=\"{&quot;wdt_animation_effect&quot;:&quot;none&quot;}\" data-widget_type=\"image.default\">\n\t\t\t\t<div class=\"elementor-widget-container\">\n\t\t\t\t\t\t\t\t\t\t\t\t\t\t\t<img decoding=\"async\" width=\"1024\" height=\"1024\" src=\"https:\/\/spaciosanu.com\/wp-content\/uploads\/2025\/06\/chemicalpees-1024x1024.jpeg\" class=\"attachment-large size-large wp-image-3252\" alt=\"\" srcset=\"https:\/\/spaciosanu.com\/wp-content\/uploads\/2025\/06\/chemicalpees-1024x1024.jpeg 1024w, https:\/\/spaciosanu.com\/wp-content\/uploads\/2025\/06\/chemicalpees-300x300.jpeg 300w, https:\/\/spaciosanu.com\/wp-content\/uploads\/2025\/06\/chemicalpees-150x150.jpeg 150w, https:\/\/spaciosanu.com\/wp-content\/uploads\/2025\/06\/chemicalpees-768x768.jpeg 768w, https:\/\/spaciosanu.com\/wp-content\/uploads\/2025\/06\/chemicalpees-12x12.jpeg 12w, https:\/\/spaciosanu.com\/wp-content\/uploads\/2025\/06\/chemicalpees-1000x1000.jpeg 1000w, https:\/\/spaciosanu.com\/wp-content\/uploads\/2025\/06\/chemicalpees-100x100.jpeg 100w, https:\/\/spaciosanu.com\/wp-content\/uploads\/2025\/06\/chemicalpees-154x154.jpeg 154w, https:\/\/spaciosanu.com\/wp-content\/uploads\/2025\/06\/chemicalpees.jpeg 1278w\" sizes=\"(max-width: 1024px) 100vw, 1024px\" \/>\t\t\t\t\t\t\t\t\t\t\t\t\t\t\t<\/div>\n\t\t\t\t<\/div>\n\t\t\t\t\t<\/div>\n\t\t\t\t<\/div>\n\t\t\t\t<div class=\"elementor-element elementor-element-8b69c79 elementor-widget elementor-widget-heading\" data-id=\"8b69c79\" data-element_type=\"widget\" data-e-type=\"widget\" data-settings=\"{&quot;wdt_animation_effect&quot;:&quot;none&quot;}\" data-widget_type=\"heading.default\">\n\t\t\t\t<div class=\"elementor-widget-container\">\n\t\t\t\t\t<h6 class=\"elementor-heading-title elementor-size-default\">Nota: Tratamiento con Peeling Qu\u00edmico de PCA<\/h6>\t\t\t\t<\/div>\n\t\t\t\t<\/div>\n\t\t<div data-particle_enable=\"false\" data-particle-mobile-disabled=\"false\" class=\"elementor-element elementor-element-96d056b e-flex e-con-boxed e-con e-parent\" data-id=\"96d056b\" data-element_type=\"container\" data-e-type=\"container\">\n\t\t\t\t\t<div class=\"e-con-inner\">\n\t\t\t\t<div class=\"elementor-element elementor-element-78e8dfc elementor-widget elementor-widget-image\" data-id=\"78e8dfc\" data-element_type=\"widget\" data-e-type=\"widget\" data-settings=\"{&quot;wdt_animation_effect&quot;:&quot;none&quot;}\" data-widget_type=\"image.default\">\n\t\t\t\t<div class=\"elementor-widget-container\">\n\t\t\t\t\t\t\t\t\t\t\t\t\t\t\t<img decoding=\"async\" width=\"1290\" height=\"1250\" src=\"https:\/\/spaciosanu.com\/wp-content\/uploads\/2025\/06\/oxytri.jpeg\" class=\"attachment-full size-full wp-image-3182\" alt=\"\" srcset=\"https:\/\/spaciosanu.com\/wp-content\/uploads\/2025\/06\/oxytri.jpeg 1290w, https:\/\/spaciosanu.com\/wp-content\/uploads\/2025\/06\/oxytri-300x291.jpeg 300w, https:\/\/spaciosanu.com\/wp-content\/uploads\/2025\/06\/oxytri-1024x992.jpeg 1024w, https:\/\/spaciosanu.com\/wp-content\/uploads\/2025\/06\/oxytri-768x744.jpeg 768w, https:\/\/spaciosanu.com\/wp-content\/uploads\/2025\/06\/oxytri-12x12.jpeg 12w, https:\/\/spaciosanu.com\/wp-content\/uploads\/2025\/06\/oxytri-1000x969.jpeg 1000w, https:\/\/spaciosanu.com\/wp-content\/uploads\/2025\/06\/oxytri-159x154.jpeg 159w\" sizes=\"(max-width: 1290px) 100vw, 1290px\" \/>\t\t\t\t\t\t\t\t\t\t\t\t\t\t\t<\/div>\n\t\t\t\t<\/div>\n\t\t\t\t\t<\/div>\n\t\t\t\t<\/div>\n\t\t\t\t<div class=\"elementor-element elementor-element-f02e907 elementor-widget elementor-widget-heading\" data-id=\"f02e907\" data-element_type=\"widget\" data-e-type=\"widget\" data-settings=\"{&quot;wdt_animation_effect&quot;:&quot;none&quot;}\" data-widget_type=\"heading.default\">\n\t\t\t\t<div class=\"elementor-widget-container\">\n\t\t\t\t\t<h6 class=\"elementor-heading-title elementor-size-default\">Nota: Tratamiento con Peeling Qu\u00edmico de PCA<\/h6>\t\t\t\t<\/div>\n\t\t\t\t<\/div>\n\t\t\t\t<div class=\"elementor-element elementor-element-8f2112c wdt-custom-side-nav elementor-widget elementor-widget-wdt-side-nav-navigation\" data-id=\"8f2112c\" data-element_type=\"widget\" data-e-type=\"widget\" data-settings=\"{&quot;wdt_animation_effect&quot;:&quot;none&quot;}\" data-widget_type=\"wdt-side-nav-navigation.default\">\n\t\t\t\t<div class=\"elementor-widget-container\">\n\t\t\t\t\t<div class=\"wdt-sidenav-navigation-container\"><div class=\"wdt-sidenav-navigation-prev-wrapper\"><div class=\"wdt-sidenav-navigation-title-wrapper\"><p><a href=\"https:\/\/spaciosanu.com\/es\/our-services\/dermaplaning\/\" title=\"Dermaplaning\"><i class=\"wdticon-angle-left\"><\/i>Servicio anterior<\/a><\/p><span class=\"zmdi zmdi-long-arrow-left zmdi-hc-fw\"><\/span><h3><a href=\"https:\/\/spaciosanu.com\/es\/our-services\/dermaplaning\/\" title=\"Dermaplaning\">Dermaplaning<\/a><\/h3><\/div><\/div><div class=\"wdt-sidenav-navigation-next-wrapper\"><div class=\"wdt-sidenav-navigation-title-wrapper\"><p><a href=\"https:\/\/spaciosanu.com\/es\/our-services\/custom-basic-facial\/\" title=\"Facial b\u00e1sico personalizado\">Pr\u00f3ximo servicio<i class=\"wdticon-angle-right\"><\/i><\/a><\/p><span class=\"zmdi zmdi-long-arrow-left zmdi-hc-fw\"><\/span><h3><a href=\"https:\/\/spaciosanu.com\/es\/our-services\/custom-basic-facial\/\" title=\"Facial b\u00e1sico personalizado\">Facial b\u00e1sico personalizado<\/a><\/h3><\/div><\/div><\/div>\t\t\t\t<\/div>\n\t\t\t\t<\/div>\n\t\t\t\t\t<\/div>\n\t\t<\/div>\n\t\t\t\t\t<\/div>\n\t\t<\/section>\n\t\t\t\t\t<\/div>\n\t\t<\/div>\n\t\t\t\t\t<\/div>\n\t\t<\/section>\n\t\t\t\t<\/div>","protected":false},"excerpt":{"rendered":"<p>PCA Chemical Peel A PCA Chemical Peel is a professional-grade exfoliation treatment that targets skin concerns such as acne, hyperpigmentation, and fine lines. This treatment helps accelerate cell turnover, revealing healthier, clearer, and more youthful skin over time. At Spacio Sanu, we offer PCA Chemical Peels suitable for all skin types, with formulations to address [&hellip;]<\/p>","protected":false},"author":1,"featured_media":0,"parent":651,"menu_order":0,"comment_status":"closed","ping_status":"closed","template":"tpl-side-nav.php","meta":{"footnotes":""},"class_list":["post-1751","page","type-page","status-publish","hentry"],"_links":{"self":[{"href":"https:\/\/spaciosanu.com\/es\/wp-json\/wp\/v2\/pages\/1751","targetHints":{"allow":["GET"]}}],"collection":[{"href":"https:\/\/spaciosanu.com\/es\/wp-json\/wp\/v2\/pages"}],"about":[{"href":"https:\/\/spaciosanu.com\/es\/wp-json\/wp\/v2\/types\/page"}],"author":[{"embeddable":true,"href":"https:\/\/spaciosanu.com\/es\/wp-json\/wp\/v2\/users\/1"}],"replies":[{"embeddable":true,"href":"https:\/\/spaciosanu.com\/es\/wp-json\/wp\/v2\/comments?post=1751"}],"version-history":[{"count":34,"href":"https:\/\/spaciosanu.com\/es\/wp-json\/wp\/v2\/pages\/1751\/revisions"}],"predecessor-version":[{"id":3255,"href":"https:\/\/spaciosanu.com\/es\/wp-json\/wp\/v2\/pages\/1751\/revisions\/3255"}],"up":[{"embeddable":true,"href":"https:\/\/spaciosanu.com\/es\/wp-json\/wp\/v2\/pages\/651"}],"wp:attachment":[{"href":"https:\/\/spaciosanu.com\/es\/wp-json\/wp\/v2\/media?parent=1751"}],"curies":[{"name":"gracias","href":"https:\/\/api.w.org\/{rel}","templated":true}]}}