{"id":2708,"date":"2025-04-24T18:59:05","date_gmt":"2025-04-24T18:59:05","guid":{"rendered":"https:\/\/sanu.digiestimates.com\/?page_id=2708"},"modified":"2025-06-27T15:22:24","modified_gmt":"2025-06-27T15:22:24","slug":"privacy-policy","status":"publish","type":"page","link":"https:\/\/spaciosanu.com\/es\/privacy-policy\/","title":{"rendered":"pol\u00edtica de privacidad"},"content":{"rendered":"<hr class=\"wp-block-separator has-alpha-channel-opacity\"\/>\n\n\n\n<p><strong>Fecha de entrada en vigor:<\/strong> 05\/24\/2025<\/p>\n\n\n\n<p>En <strong>Espacio Sanu<\/strong>Su privacidad es nuestra prioridad. Ya sea que visite nuestro spa para un tratamiento relajante o compre en nuestra tienda online, nos comprometemos a proteger su informaci\u00f3n personal y a ser transparentes sobre c\u00f3mo la usamos.<\/p>\n\n\n\n<hr class=\"wp-block-separator has-alpha-channel-opacity\"\/>\n\n\n\n<h3 class=\"wp-block-heading\"><strong>1. Informaci\u00f3n que recopilamos<\/strong><\/h3>\n\n\n\n<p>Podemos recopilar los siguientes tipos de informaci\u00f3n cuando interact\u00faa con nosotros en l\u00ednea o en persona:<\/p>\n\n\n\n<h4 class=\"wp-block-heading\">a) Informaci\u00f3n Personal:<\/h4>\n\n\n\n<ul class=\"wp-block-list\">\n<li>Nombre completo, n\u00famero de tel\u00e9fono, correo electr\u00f3nico, direcci\u00f3n de env\u00edo y facturaci\u00f3n.<\/li>\n\n\n\n<li>Detalles de la cuenta si crea una en nuestra tienda.<\/li>\n<\/ul>\n\n\n\n<h4 class=\"wp-block-heading\">b) Informaci\u00f3n de pago:<\/h4>\n\n\n\n<ul class=\"wp-block-list\">\n<li>Detalles de pago (gestionados de forma segura a trav\u00e9s de procesadores de terceros confiables como Stripe, PayPal, etc.).<\/li>\n\n\n\n<li>No almacenamos los datos completos de su tarjeta de cr\u00e9dito.<\/li>\n<\/ul>\n\n\n\n<h4 class=\"wp-block-heading\">c) Informaci\u00f3n de pedidos y reservas:<\/h4>\n\n\n\n<ul class=\"wp-block-list\">\n<li>Detalles de la cita, historial de tratamientos, pedidos de productos y preferencias de entrega.<\/li>\n\n\n\n<li>Informaci\u00f3n relacionada con problemas de la piel que usted proporciona voluntariamente para personalizar los tratamientos.<\/li>\n<\/ul>\n\n\n\n<h4 class=\"wp-block-heading\">d) Datos t\u00e9cnicos y de uso:<\/h4>\n\n\n\n<ul class=\"wp-block-list\">\n<li>Direcci\u00f3n IP, tipo de dispositivo, tipo de navegador, URL de referencia y datos de uso recopilados a trav\u00e9s de cookies y herramientas de an\u00e1lisis.<\/li>\n<\/ul>\n\n\n\n<hr class=\"wp-block-separator has-alpha-channel-opacity\"\/>\n\n\n\n<h3 class=\"wp-block-heading\"><strong>2. C\u00f3mo usamos su informaci\u00f3n<\/strong><\/h3>\n\n\n\n<p>Sus datos nos ayudan a ofrecerle mejores servicios y a mejorar su experiencia. Podemos utilizar su informaci\u00f3n para:<\/p>\n\n\n\n<ul class=\"wp-block-list\">\n<li>Procesar reservas de spa y pedidos de productos<\/li>\n\n\n\n<li>Entregar los art\u00edculos comprados a su direcci\u00f3n<\/li>\n\n\n\n<li>Personaliza los tratamientos de cuidado de la piel<\/li>\n\n\n\n<li>Comunicar recordatorios de citas y actualizaciones de pedidos<\/li>\n\n\n\n<li>Responder a sus consultas<\/li>\n\n\n\n<li>Enviar ofertas promocionales o boletines informativos (solo si acepta recibirlos)<\/li>\n\n\n\n<li>Mejorar la funcionalidad del sitio web y la experiencia del usuario<\/li>\n<\/ul>\n\n\n\n<hr class=\"wp-block-separator has-alpha-channel-opacity\"\/>\n\n\n\n<h3 class=\"wp-block-heading\"><strong>3. Compartir su informaci\u00f3n<\/strong><\/h3>\n\n\n\n<p>Nosotros <strong>no vender ni alquilar<\/strong> Su informaci\u00f3n personal. Solo la compartimos con:<\/p>\n\n\n\n<ul class=\"wp-block-list\">\n<li><strong>Pasarelas de pago<\/strong> para procesar pedidos<\/li>\n\n\n\n<li><strong>Socios de env\u00edo<\/strong> para la entrega de productos adquiridos<\/li>\n\n\n\n<li><strong>Plataformas de reserva y programaci\u00f3n<\/strong><\/li>\n\n\n\n<li><strong>Herramientas de an\u00e1lisis<\/strong> Para comprender el tr\u00e1fico del sitio web y mejorar nuestros servicios<\/li>\n<\/ul>\n\n\n\n<p>Todos los terceros est\u00e1n obligados a cumplir con estrictos est\u00e1ndares de protecci\u00f3n de datos.<\/p>\n\n\n\n<hr class=\"wp-block-separator has-alpha-channel-opacity\"\/>\n\n\n\n<h3 class=\"wp-block-heading\"><strong>4. Cookies y seguimiento<\/strong><\/h3>\n\n\n\n<p>Utilizamos cookies y tecnolog\u00edas similares para:<\/p>\n\n\n\n<ul class=\"wp-block-list\">\n<li>Habilitar la funcionalidad del sitio web (carrito, pago, reservas)<\/li>\n\n\n\n<li>Seguimiento anal\u00edtico y del rendimiento<\/li>\n\n\n\n<li>Recordar sus preferencias para futuras visitas<\/li>\n<\/ul>\n\n\n\n<p>Puede administrar las preferencias de cookies en la configuraci\u00f3n de su navegador.<\/p>\n\n\n\n<hr class=\"wp-block-separator has-alpha-channel-opacity\"\/>\n\n\n\n<h3 class=\"wp-block-heading\"><strong>5. Seguridad de los datos<\/strong><\/h3>\n\n\n\n<p>Aplicamos medidas de seguridad est\u00e1ndar de la industria para proteger su informaci\u00f3n contra acceso, divulgaci\u00f3n o destrucci\u00f3n no autorizados.<\/p>\n\n\n\n<hr class=\"wp-block-separator has-alpha-channel-opacity\"\/>\n\n\n\n<h3 class=\"wp-block-heading\"><strong>6. Sus derechos<\/strong><\/h3>\n\n\n\n<p>Usted tiene derecho a:<\/p>\n\n\n\n<ul class=\"wp-block-list\">\n<li>Acceder y revisar su informaci\u00f3n personal<\/li>\n\n\n\n<li>Solicitar cambios o eliminaci\u00f3n de sus datos<\/li>\n\n\n\n<li>Puede optar por no recibir comunicaciones de marketing en cualquier momento<\/li>\n\n\n\n<li>Solicitar una copia de su informaci\u00f3n almacenada<\/li>\n<\/ul>\n\n\n\n<p>Para realizar una solicitud, cont\u00e1ctenos en <strong><a class=\"\">info@spaciosanu.com<\/a><\/strong>.<\/p>\n\n\n\n<hr class=\"wp-block-separator has-alpha-channel-opacity\"\/>\n\n\n\n<h3 class=\"wp-block-heading\"><strong>7. Pol\u00edticas de la tienda de comercio electr\u00f3nico<\/strong><\/h3>\n\n\n\n<p>Si realiza un pedido a trav\u00e9s de nuestra tienda:<\/p>\n\n\n\n<ul class=\"wp-block-list\">\n<li>Usted acepta proporcionar informaci\u00f3n precisa de facturaci\u00f3n y env\u00edo.<\/li>\n\n\n\n<li>Es posible que nos comuniquemos con usted por correo electr\u00f3nico o tel\u00e9fono con respecto a su compra, env\u00edo o devoluci\u00f3n.<\/li>\n\n\n\n<li>Las pol\u00edticas de devoluci\u00f3n y reembolso de productos se proporcionan por separado en nuestro <strong>Devoluciones y reembolsos<\/strong> p\u00e1gina.<\/li>\n<\/ul>\n\n\n\n<hr class=\"wp-block-separator has-alpha-channel-opacity\"\/>\n\n\n\n<h3 class=\"wp-block-heading\"><strong>8. Enlaces de terceros<\/strong><\/h3>\n\n\n\n<p>Nuestro sitio web puede contener enlaces a sitios de terceros. No nos responsabilizamos de sus pr\u00e1cticas de privacidad.<\/p>\n\n\n\n<hr class=\"wp-block-separator has-alpha-channel-opacity\"\/>\n\n\n\n<h3 class=\"wp-block-heading\"><strong>9. Actualizaciones de pol\u00edticas<\/strong><\/h3>\n\n\n\n<p>Podemos revisar esta Pol\u00edtica de Privacidad peri\u00f3dicamente. Cualquier cambio se publicar\u00e1 en esta p\u00e1gina con la fecha de entrada en vigor actualizada.<\/p>\n\n\n\n<hr class=\"wp-block-separator has-alpha-channel-opacity\"\/>\n\n\n\n<h3 class=\"wp-block-heading\"><strong>Cont\u00e1ctenos<\/strong><\/h3>\n\n\n\n<p><strong>Espacio Sanu<\/strong><br>\ud83d\udccd 7932 W Sand Lake Rd, Orlando, FL 32819<br>\ud83d\udce7 <a class=\"\">info@spaciosanu.com<\/a><br>\ud83d\udcde (407) 436-5736<\/p>","protected":false},"excerpt":{"rendered":"<p>Effective Date: 05\/24\/2025 At Spacio Sanu, your privacy is our priority. Whether you visit our spa for a relaxing treatment or shop on our eCommerce store, we are committed to protecting your personal information and being transparent about how we use it. 1. Information We Collect We may collect the following types of information when [&hellip;]<\/p>","protected":false},"author":1,"featured_media":0,"parent":0,"menu_order":0,"comment_status":"closed","ping_status":"closed","template":"","meta":{"footnotes":""},"class_list":["post-2708","page","type-page","status-publish","hentry"],"_links":{"self":[{"href":"https:\/\/spaciosanu.com\/es\/wp-json\/wp\/v2\/pages\/2708","targetHints":{"allow":["GET"]}}],"collection":[{"href":"https:\/\/spaciosanu.com\/es\/wp-json\/wp\/v2\/pages"}],"about":[{"href":"https:\/\/spaciosanu.com\/es\/wp-json\/wp\/v2\/types\/page"}],"author":[{"embeddable":true,"href":"https:\/\/spaciosanu.com\/es\/wp-json\/wp\/v2\/users\/1"}],"replies":[{"embeddable":true,"href":"https:\/\/spaciosanu.com\/es\/wp-json\/wp\/v2\/comments?post=2708"}],"version-history":[{"count":2,"href":"https:\/\/spaciosanu.com\/es\/wp-json\/wp\/v2\/pages\/2708\/revisions"}],"predecessor-version":[{"id":3265,"href":"https:\/\/spaciosanu.com\/es\/wp-json\/wp\/v2\/pages\/2708\/revisions\/3265"}],"wp:attachment":[{"href":"https:\/\/spaciosanu.com\/es\/wp-json\/wp\/v2\/media?parent=2708"}],"curies":[{"name":"gracias","href":"https:\/\/api.w.org\/{rel}","templated":true}]}}