{"id":2745,"date":"2025-04-25T09:41:55","date_gmt":"2025-04-25T09:41:55","guid":{"rendered":"https:\/\/sanu.digiestimates.com\/?page_id=2745"},"modified":"2025-04-25T13:26:55","modified_gmt":"2025-04-25T13:26:55","slug":"blog","status":"publish","type":"page","link":"https:\/\/spaciosanu.com\/es\/blog\/","title":{"rendered":"Blog"},"content":{"rendered":"<div data-elementor-type=\"wp-page\" data-elementor-id=\"2745\" class=\"elementor elementor-2745\" data-elementor-post-type=\"page\">\n\t\t\t\t<div data-particle_enable=\"false\" data-particle-mobile-disabled=\"false\" class=\"elementor-element elementor-element-efac7b2 e-con-full e-flex e-con e-parent\" data-id=\"efac7b2\" data-element_type=\"container\" data-e-type=\"container\">\n\t\t<div data-particle_enable=\"false\" data-particle-mobile-disabled=\"false\" class=\"elementor-element elementor-element-08f3855 e-flex e-con-boxed e-con e-child\" data-id=\"08f3855\" data-element_type=\"container\" data-e-type=\"container\">\n\t\t\t\t\t<div class=\"e-con-inner\">\n\t\t\t\t<div class=\"elementor-element elementor-element-d20c248 elementor-grid-eael-col-3 elementor-grid-tablet-eael-col-2 elementor-grid-mobile-eael-col-1 elementor-widget elementor-widget-eael-post-grid\" data-id=\"d20c248\" data-element_type=\"widget\" data-e-type=\"widget\" data-settings=\"{&quot;eael_post_grid_columns&quot;:&quot;eael-col-3&quot;,&quot;eael_post_grid_columns_tablet&quot;:&quot;eael-col-2&quot;,&quot;eael_post_grid_columns_mobile&quot;:&quot;eael-col-1&quot;,&quot;wdt_animation_effect&quot;:&quot;none&quot;}\" data-widget_type=\"eael-post-grid.default\">\n\t\t\t\t<div class=\"elementor-widget-container\">\n\t\t\t\t\t<div id=\"eael-post-grid-d20c248\" class=\"eael-post-grid-container\">\n            <div class=\"eael-post-grid eael-post-appender eael-post-appender-d20c248 eael-post-grid-style-one\" data-layout-mode=\"grid\"><article class=\"eael-grid-post  eael-post-grid-column eael-pg-post-3404 category-general\" data-id=\"3404\">\n        <div class=\"eael-grid-post-holder\">\n            <div class=\"eael-grid-post-holder-inner\"><div class=\"eael-entry-media\"><div class=\"eael-entry-overlay slide-up\"><i class=\"\" aria-hidden=\"true\"><\/i><a href=\"https:\/\/spaciosanu.com\/es\/products-according-to-your-skin-type\/\"><\/a><\/div><div class=\"eael-entry-thumbnail\">\n                <img fetchpriority=\"high\" decoding=\"async\" width=\"768\" height=\"544\" src=\"https:\/\/spaciosanu.com\/wp-content\/uploads\/2025\/09\/Cover-Blog-4-Product-Type-768x544.jpg\" class=\"attachment-medium_large size-medium_large wp-image-3413\" alt=\"\" srcset=\"https:\/\/spaciosanu.com\/wp-content\/uploads\/2025\/09\/Cover-Blog-4-Product-Type-768x544.jpg 768w, https:\/\/spaciosanu.com\/wp-content\/uploads\/2025\/09\/Cover-Blog-4-Product-Type-300x212.jpg 300w, https:\/\/spaciosanu.com\/wp-content\/uploads\/2025\/09\/Cover-Blog-4-Product-Type-1024x725.jpg 1024w, https:\/\/spaciosanu.com\/wp-content\/uploads\/2025\/09\/Cover-Blog-4-Product-Type-1536x1087.jpg 1536w, https:\/\/spaciosanu.com\/wp-content\/uploads\/2025\/09\/Cover-Blog-4-Product-Type-2048x1450.jpg 2048w, https:\/\/spaciosanu.com\/wp-content\/uploads\/2025\/09\/Cover-Blog-4-Product-Type-18x12.jpg 18w, https:\/\/spaciosanu.com\/wp-content\/uploads\/2025\/09\/Cover-Blog-4-Product-Type-1000x708.jpg 1000w, https:\/\/spaciosanu.com\/wp-content\/uploads\/2025\/09\/Cover-Blog-4-Product-Type-218x154.jpg 218w\" sizes=\"(max-width: 768px) 100vw, 768px\" \/>\n            <\/div>\n        <\/div><div class=\"eael-entry-wrapper\"><header class=\"eael-entry-header\"><h2 class=\"eael-entry-title\"><a class=\"eael-grid-post-link\" href=\"https:\/\/spaciosanu.com\/es\/products-according-to-your-skin-type\/\" title=\"Productos seg\u00fan tu tipo de piel\">Productos seg\u00fan tu tipo de piel<\/a><\/h2><\/header><div class=\"eael-entry-header-after\"><div class=\"eael-entry-meta\"><span class=\"eael-posted-on\"><time datetime=\"septiembre 24, 2025\">24 de septiembre de 2025<\/time><\/span><\/div><\/div><div class=\"eael-entry-content\">\n                        <div class=\"eael-grid-post-excerpt\"><p>Tiempo estimado de lectura: 6 minutos. En publicaciones anteriores, expliqu\u00e9 los tipos de productos que debemos incluir en nuestra rutina de cuidado del hogar. Aunque...<\/p><a href=\"https:\/\/spaciosanu.com\/es\/products-according-to-your-skin-type\/\" class=\"eael-post-elements-readmore-btn\">Leer m\u00e1s<\/a><\/div>\n                    <\/div><\/div><\/div>\n        <\/div>\n    <\/article><article class=\"eael-grid-post  eael-post-grid-column eael-pg-post-3371 category-general\" data-id=\"3371\">\n        <div class=\"eael-grid-post-holder\">\n            <div class=\"eael-grid-post-holder-inner\"><div class=\"eael-entry-media\"><div class=\"eael-entry-overlay slide-up\"><i class=\"\" aria-hidden=\"true\"><\/i><a href=\"https:\/\/spaciosanu.com\/es\/discipline-or-its-the-way-its-used-perhaps-a-bad-product\/\"><\/a><\/div><div class=\"eael-entry-thumbnail\">\n                <img decoding=\"async\" width=\"768\" height=\"505\" src=\"https:\/\/spaciosanu.com\/wp-content\/uploads\/2025\/08\/Cover-Blog-3-768x505.png\" class=\"attachment-medium_large size-medium_large wp-image-3378\" alt=\"\" srcset=\"https:\/\/spaciosanu.com\/wp-content\/uploads\/2025\/08\/Cover-Blog-3-768x505.png 768w, https:\/\/spaciosanu.com\/wp-content\/uploads\/2025\/08\/Cover-Blog-3-300x197.png 300w, https:\/\/spaciosanu.com\/wp-content\/uploads\/2025\/08\/Cover-Blog-3-18x12.png 18w, https:\/\/spaciosanu.com\/wp-content\/uploads\/2025\/08\/Cover-Blog-3-220x145.png 220w, https:\/\/spaciosanu.com\/wp-content\/uploads\/2025\/08\/Cover-Blog-3.png 962w\" sizes=\"(max-width: 768px) 100vw, 768px\" \/>\n            <\/div>\n        <\/div><div class=\"eael-entry-wrapper\"><header class=\"eael-entry-header\"><h2 class=\"eael-entry-title\"><a class=\"eael-grid-post-link\" href=\"https:\/\/spaciosanu.com\/es\/discipline-or-its-the-way-its-used-perhaps-a-bad-product\/\" title=\"\u00bfDisciplina? \u00bfO es la forma en que se usa? \u00bfQuiz\u00e1s un mal producto?\">\u00bfDisciplina? \u00bfO es la forma en que se usa? \u00bfQuiz\u00e1s un mal producto?<\/a><\/h2><\/header><div class=\"eael-entry-header-after\"><div class=\"eael-entry-meta\"><span class=\"eael-posted-on\"><time datetime=\"agosto 12, 2025\">12 de agosto de 2025<\/time><\/span><\/div><\/div><div class=\"eael-entry-content\">\n                        <div class=\"eael-grid-post-excerpt\"><p>Tiempo de lectura: 4 minutos. \u00bfAlguna vez has comprado un producto y has sentido que no te funciona? En esta nueva publicaci\u00f3n, te contar\u00e9...<\/p><a href=\"https:\/\/spaciosanu.com\/es\/discipline-or-its-the-way-its-used-perhaps-a-bad-product\/\" class=\"eael-post-elements-readmore-btn\">Leer m\u00e1s<\/a><\/div>\n                    <\/div><\/div><\/div>\n        <\/div>\n    <\/article><article class=\"eael-grid-post  eael-post-grid-column eael-pg-post-3280 category-general\" data-id=\"3280\">\n        <div class=\"eael-grid-post-holder\">\n            <div class=\"eael-grid-post-holder-inner\"><div class=\"eael-entry-media\"><div class=\"eael-entry-overlay slide-up\"><i class=\"\" aria-hidden=\"true\"><\/i><a href=\"https:\/\/spaciosanu.com\/es\/no-se-por-donde-comenzar\/\"><\/a><\/div><div class=\"eael-entry-thumbnail\">\n                <img decoding=\"async\" width=\"768\" height=\"484\" src=\"https:\/\/spaciosanu.com\/wp-content\/uploads\/2025\/07\/Cover-Blog-2-768x484.png\" class=\"attachment-medium_large size-medium_large wp-image-3293\" alt=\"\" srcset=\"https:\/\/spaciosanu.com\/wp-content\/uploads\/2025\/07\/Cover-Blog-2-768x484.png 768w, https:\/\/spaciosanu.com\/wp-content\/uploads\/2025\/07\/Cover-Blog-2-300x189.png 300w, https:\/\/spaciosanu.com\/wp-content\/uploads\/2025\/07\/Cover-Blog-2-18x12.png 18w, https:\/\/spaciosanu.com\/wp-content\/uploads\/2025\/07\/Cover-Blog-2-220x139.png 220w, https:\/\/spaciosanu.com\/wp-content\/uploads\/2025\/07\/Cover-Blog-2.png 924w\" sizes=\"(max-width: 768px) 100vw, 768px\" \/>\n            <\/div>\n        <\/div><div class=\"eael-entry-wrapper\"><header class=\"eael-entry-header\"><h2 class=\"eael-entry-title\"><a class=\"eael-grid-post-link\" href=\"https:\/\/spaciosanu.com\/es\/no-se-por-donde-comenzar\/\" title=\"No s\u00e9 por d\u00f3nde empezar\">No s\u00e9 por d\u00f3nde empezar<\/a><\/h2><\/header><div class=\"eael-entry-header-after\"><div class=\"eael-entry-meta\"><span class=\"eael-posted-on\"><time datetime=\"julio 4, 2025\">4 de julio de 2025<\/time><\/span><\/div><\/div><div class=\"eael-entry-content\">\n                        <div class=\"eael-grid-post-excerpt\"><p>Tiempo de lectura: 6 minutos Si ya est\u00e1s preocupada por el cuidado de tu piel y no sabes por d\u00f3nde empezar, cr\u00e9eme, es normal...<\/p><a href=\"https:\/\/spaciosanu.com\/es\/no-se-por-donde-comenzar\/\" class=\"eael-post-elements-readmore-btn\">Leer m\u00e1s<\/a><\/div>\n                    <\/div><\/div><\/div>\n        <\/div>\n    <\/article><article class=\"eael-grid-post  eael-post-grid-column eael-pg-post-3012 category-general\" data-id=\"3012\">\n        <div class=\"eael-grid-post-holder\">\n            <div class=\"eael-grid-post-holder-inner\"><div class=\"eael-entry-media\"><div class=\"eael-entry-overlay slide-up\"><i class=\"\" aria-hidden=\"true\"><\/i><a href=\"https:\/\/spaciosanu.com\/es\/i-always-wanted-to-take-care-of-my-skin\/\"><\/a><\/div><div class=\"eael-entry-thumbnail\">\n                <img loading=\"lazy\" decoding=\"async\" width=\"768\" height=\"434\" src=\"https:\/\/spaciosanu.com\/wp-content\/uploads\/2025\/06\/Blog-main-img-768x434.jpg\" class=\"attachment-medium_large size-medium_large wp-image-3018\" alt=\"\" srcset=\"https:\/\/spaciosanu.com\/wp-content\/uploads\/2025\/06\/Blog-main-img-768x434.jpg 768w, https:\/\/spaciosanu.com\/wp-content\/uploads\/2025\/06\/Blog-main-img-300x170.jpg 300w, https:\/\/spaciosanu.com\/wp-content\/uploads\/2025\/06\/Blog-main-img-1024x579.jpg 1024w, https:\/\/spaciosanu.com\/wp-content\/uploads\/2025\/06\/Blog-main-img-1000x565.jpg 1000w, https:\/\/spaciosanu.com\/wp-content\/uploads\/2025\/06\/Blog-main-img-220x124.jpg 220w, https:\/\/spaciosanu.com\/wp-content\/uploads\/2025\/06\/Blog-main-img.jpg 1479w\" sizes=\"(max-width: 768px) 100vw, 768px\" \/>\n            <\/div>\n        <\/div><div class=\"eael-entry-wrapper\"><header class=\"eael-entry-header\"><h2 class=\"eael-entry-title\"><a class=\"eael-grid-post-link\" href=\"https:\/\/spaciosanu.com\/es\/i-always-wanted-to-take-care-of-my-skin\/\" title=\"Siempre quise cuidar mi piel.\">Siempre quise cuidar mi piel.<\/a><\/h2><\/header><div class=\"eael-entry-header-after\"><div class=\"eael-entry-meta\"><span class=\"eael-posted-on\"><time datetime=\"junio 1, 2025\">1 de junio de 2025<\/time><\/span><\/div><\/div><div class=\"eael-entry-content\">\n                        <div class=\"eael-grid-post-excerpt\"><p>Tiempo de lectura: 2 minutos Esta es la frase que m\u00e1s he escuchado de las personas que he tratado, y de hecho, una de las cosas...<\/p><a href=\"https:\/\/spaciosanu.com\/es\/i-always-wanted-to-take-care-of-my-skin\/\" class=\"eael-post-elements-readmore-btn\">Leer m\u00e1s<\/a><\/div>\n                    <\/div><\/div><\/div>\n        <\/div>\n    <\/article><\/div>\n            <div class=\"clearfix\"><\/div>\n        <\/div>            <div class=\"eael-load-more-button-wrap eael-force-hide\">\n                <button class=\"eael-load-more-button\" id=\"eael-load-more-btn-d20c248\" data-widget-id=\"d20c248\" data-widget=\"d20c248\" data-page-id=\"2745\" data-template=\"{&quot;dir&quot;:&quot;lite&quot;,&quot;file_name&quot;:&quot;one.php&quot;,&quot;name&quot;:&quot;Post-Grid&quot;}\" data-class=\"Essential_Addons_Elementor\\Elements\\Post_Grid\" data-layout=\"grid\" data-page=\"1\" data-args=\"orderby=date&amp;order=desc&amp;ignore_sticky_posts=1&amp;post_status=publish&amp;posts_per_page=&amp;offset=0&amp;post_type=post\" data-max-page=\"4\">\n                    <span class=\"eael-btn-loader button__loader\"><\/span>\n                    <span class=\"eael_load_more_text\">Cargar m\u00e1s<\/span>\n                <\/button>\n            <\/div>\n            \t\t\t\t<\/div>\n\t\t\t\t<\/div>\n\t\t\t\t\t<\/div>\n\t\t\t\t<\/div>\n\t\t\t\t<\/div>\n\t\t\t\t<\/div>","protected":false},"excerpt":{"rendered":"<p>Explorando tratamientos faciales populares para una piel sana y radiante 24 de abril de 2025 Justo nec ultrices dui sapien eget mi proin vestibulum rhoncus. Leer m\u00e1s Los 5 mejores tratamientos para el cuidado de la piel para una piel radiante y revitalizada 24 de abril de 2025 Tincidunt nunc pulvinar sapien et ligula ullamcorper proin. Leer m\u00e1s Servicios integrales de belleza para mejorar su apariencia en Sanu Spacio [\u2026]<\/p>","protected":false},"author":1,"featured_media":0,"parent":0,"menu_order":0,"comment_status":"closed","ping_status":"closed","template":"","meta":{"footnotes":""},"class_list":["post-2745","page","type-page","status-publish","hentry"],"_links":{"self":[{"href":"https:\/\/spaciosanu.com\/es\/wp-json\/wp\/v2\/pages\/2745","targetHints":{"allow":["GET"]}}],"collection":[{"href":"https:\/\/spaciosanu.com\/es\/wp-json\/wp\/v2\/pages"}],"about":[{"href":"https:\/\/spaciosanu.com\/es\/wp-json\/wp\/v2\/types\/page"}],"author":[{"embeddable":true,"href":"https:\/\/spaciosanu.com\/es\/wp-json\/wp\/v2\/users\/1"}],"replies":[{"embeddable":true,"href":"https:\/\/spaciosanu.com\/es\/wp-json\/wp\/v2\/comments?post=2745"}],"version-history":[{"count":8,"href":"https:\/\/spaciosanu.com\/es\/wp-json\/wp\/v2\/pages\/2745\/revisions"}],"predecessor-version":[{"id":2772,"href":"https:\/\/spaciosanu.com\/es\/wp-json\/wp\/v2\/pages\/2745\/revisions\/2772"}],"wp:attachment":[{"href":"https:\/\/spaciosanu.com\/es\/wp-json\/wp\/v2\/media?parent=2745"}],"curies":[{"name":"gracias","href":"https:\/\/api.w.org\/{rel}","templated":true}]}}