{"id":728,"date":"2023-05-31T07:36:20","date_gmt":"2023-05-31T07:36:20","guid":{"rendered":"https:\/\/sanuspa.derntech.com\/?page_id=728"},"modified":"2025-06-27T13:24:25","modified_gmt":"2025-06-27T13:24:25","slug":"custom-basic-facial","status":"publish","type":"page","link":"https:\/\/spaciosanu.com\/es\/our-services\/custom-basic-facial\/","title":{"rendered":"Facial b\u00e1sico personalizado"},"content":{"rendered":"<div data-elementor-type=\"wp-page\" data-elementor-id=\"728\" class=\"elementor elementor-728\" data-elementor-post-type=\"page\">\n\t\t\t\t\t\t<section data-particle_enable=\"false\" data-particle-mobile-disabled=\"false\" class=\"elementor-section elementor-top-section elementor-element elementor-element-4040e19 elementor-section-full_width elementor-section-height-default elementor-section-height-default\" data-id=\"4040e19\" data-element_type=\"section\" data-e-type=\"section\" data-settings=\"{&quot;wdt_bg_image&quot;:{&quot;url&quot;:&quot;&quot;,&quot;id&quot;:&quot;&quot;,&quot;size&quot;:&quot;&quot;},&quot;wdt_bg_image_widescreen&quot;:{&quot;url&quot;:&quot;&quot;,&quot;id&quot;:&quot;&quot;,&quot;size&quot;:&quot;&quot;},&quot;wdt_bg_image_laptop&quot;:{&quot;url&quot;:&quot;&quot;,&quot;id&quot;:&quot;&quot;,&quot;size&quot;:&quot;&quot;},&quot;wdt_bg_image_tablet_extra&quot;:{&quot;url&quot;:&quot;&quot;,&quot;id&quot;:&quot;&quot;,&quot;size&quot;:&quot;&quot;},&quot;wdt_bg_image_tablet&quot;:{&quot;url&quot;:&quot;&quot;,&quot;id&quot;:&quot;&quot;,&quot;size&quot;:&quot;&quot;},&quot;wdt_bg_image_mobile_extra&quot;:{&quot;url&quot;:&quot;&quot;,&quot;id&quot;:&quot;&quot;,&quot;size&quot;:&quot;&quot;},&quot;wdt_bg_image_mobile&quot;:{&quot;url&quot;:&quot;&quot;,&quot;id&quot;:&quot;&quot;,&quot;size&quot;:&quot;&quot;},&quot;wdt_bg_position&quot;:&quot;center center&quot;,&quot;wdt_animation_effect&quot;:&quot;none&quot;}\">\n\t\t\t\t\t\t<div class=\"elementor-container elementor-column-gap-no\">\n\t\t\t\t\t<div class=\"elementor-column elementor-col-100 elementor-top-column elementor-element elementor-element-d5e4bb4\" data-id=\"d5e4bb4\" data-element_type=\"column\" data-e-type=\"column\">\n\t\t\t<div class=\"elementor-widget-wrap elementor-element-populated\">\n\t\t\t\t\t\t<section data-particle_enable=\"false\" data-particle-mobile-disabled=\"false\" class=\"elementor-section elementor-inner-section elementor-element elementor-element-74116f6 elementor-section-full_width elementor-section-height-default elementor-section-height-default\" data-id=\"74116f6\" data-element_type=\"section\" data-e-type=\"section\" data-settings=\"{&quot;wdt_bg_image&quot;:{&quot;url&quot;:&quot;&quot;,&quot;id&quot;:&quot;&quot;,&quot;size&quot;:&quot;&quot;},&quot;wdt_bg_image_widescreen&quot;:{&quot;url&quot;:&quot;&quot;,&quot;id&quot;:&quot;&quot;,&quot;size&quot;:&quot;&quot;},&quot;wdt_bg_image_laptop&quot;:{&quot;url&quot;:&quot;&quot;,&quot;id&quot;:&quot;&quot;,&quot;size&quot;:&quot;&quot;},&quot;wdt_bg_image_tablet_extra&quot;:{&quot;url&quot;:&quot;&quot;,&quot;id&quot;:&quot;&quot;,&quot;size&quot;:&quot;&quot;},&quot;wdt_bg_image_tablet&quot;:{&quot;url&quot;:&quot;&quot;,&quot;id&quot;:&quot;&quot;,&quot;size&quot;:&quot;&quot;},&quot;wdt_bg_image_mobile_extra&quot;:{&quot;url&quot;:&quot;&quot;,&quot;id&quot;:&quot;&quot;,&quot;size&quot;:&quot;&quot;},&quot;wdt_bg_image_mobile&quot;:{&quot;url&quot;:&quot;&quot;,&quot;id&quot;:&quot;&quot;,&quot;size&quot;:&quot;&quot;},&quot;wdt_bg_position&quot;:&quot;center center&quot;,&quot;wdt_animation_effect&quot;:&quot;none&quot;}\">\n\t\t\t\t\t\t<div class=\"elementor-container elementor-column-gap-no\">\n\t\t\t\t\t<div class=\"elementor-column elementor-col-100 elementor-inner-column elementor-element elementor-element-4188403\" data-id=\"4188403\" data-element_type=\"column\" data-e-type=\"column\">\n\t\t\t<div class=\"elementor-widget-wrap elementor-element-populated\">\n\t\t\t\t\t\t<div class=\"elementor-element elementor-element-080d4ff elementor-widget elementor-widget-image\" data-id=\"080d4ff\" data-element_type=\"widget\" data-e-type=\"widget\" data-settings=\"{&quot;wdt_animation_effect&quot;:&quot;none&quot;}\" data-widget_type=\"image.default\">\n\t\t\t\t<div class=\"elementor-widget-container\">\n\t\t\t\t\t\t\t\t\t\t\t\t\t\t\t<img fetchpriority=\"high\" decoding=\"async\" width=\"600\" height=\"399\" src=\"https:\/\/spaciosanu.com\/wp-content\/uploads\/2025\/06\/Baisc-Facial-H.jpg\" class=\"attachment-full size-full wp-image-3106\" alt=\"\" srcset=\"https:\/\/spaciosanu.com\/wp-content\/uploads\/2025\/06\/Baisc-Facial-H.jpg 600w, https:\/\/spaciosanu.com\/wp-content\/uploads\/2025\/06\/Baisc-Facial-H-300x200.jpg 300w, https:\/\/spaciosanu.com\/wp-content\/uploads\/2025\/06\/Baisc-Facial-H-18x12.jpg 18w, https:\/\/spaciosanu.com\/wp-content\/uploads\/2025\/06\/Baisc-Facial-H-220x146.jpg 220w\" sizes=\"(max-width: 600px) 100vw, 600px\" \/>\t\t\t\t\t\t\t\t\t\t\t\t\t\t\t<\/div>\n\t\t\t\t<\/div>\n\t\t\t\t<div class=\"elementor-element elementor-element-a3f474a start elementor-widget elementor-widget-wdt-heading\" data-id=\"a3f474a\" data-element_type=\"widget\" data-e-type=\"widget\" data-settings=\"{&quot;wdt_animation_effect&quot;:&quot;none&quot;}\" data-widget_type=\"wdt-heading.default\">\n\t\t\t\t<div class=\"elementor-widget-container\">\n\t\t\t\t\t<div class=\"wdt-heading-holder\" id=\"wdt-heading-a3f474a\"><h2 class=\"wdt-heading-title-wrapper wdt-heading-align-1 wdt-heading-deco-wrapper\"><span class=\"wdt-heading-title\">Facial b\u00e1sico personalizado<\/span><\/h2><div class=\"wdt-heading-content-wrapper\">Nuestro \u201cSanu Signature Facial\u201d es un tratamiento personalizado y para el cuidado de la piel que va m\u00e1s all\u00e1 del cuidado b\u00e1sico. Con este servicio no solamente te ayudaremos a restaurar el equilibrio y la luminosidad natural de su piel con una limpieza profunda, sino que tambi\u00e9n incluiremos una session de masaje relajante en el cuello y hombros. Este servicio Incluye<\/div><\/div>\t\t\t\t<\/div>\n\t\t\t\t<\/div>\n\t\t\t\t\t<\/div>\n\t\t<\/div>\n\t\t\t\t\t<\/div>\n\t\t<\/section>\n\t\t\t\t<section data-particle_enable=\"false\" data-particle-mobile-disabled=\"false\" class=\"elementor-section elementor-inner-section elementor-element elementor-element-f851569 elementor-section-full_width elementor-section-height-default elementor-section-height-default\" data-id=\"f851569\" data-element_type=\"section\" data-e-type=\"section\" data-settings=\"{&quot;wdt_bg_image&quot;:{&quot;url&quot;:&quot;&quot;,&quot;id&quot;:&quot;&quot;,&quot;size&quot;:&quot;&quot;},&quot;wdt_bg_image_widescreen&quot;:{&quot;url&quot;:&quot;&quot;,&quot;id&quot;:&quot;&quot;,&quot;size&quot;:&quot;&quot;},&quot;wdt_bg_image_laptop&quot;:{&quot;url&quot;:&quot;&quot;,&quot;id&quot;:&quot;&quot;,&quot;size&quot;:&quot;&quot;},&quot;wdt_bg_image_tablet_extra&quot;:{&quot;url&quot;:&quot;&quot;,&quot;id&quot;:&quot;&quot;,&quot;size&quot;:&quot;&quot;},&quot;wdt_bg_image_tablet&quot;:{&quot;url&quot;:&quot;&quot;,&quot;id&quot;:&quot;&quot;,&quot;size&quot;:&quot;&quot;},&quot;wdt_bg_image_mobile_extra&quot;:{&quot;url&quot;:&quot;&quot;,&quot;id&quot;:&quot;&quot;,&quot;size&quot;:&quot;&quot;},&quot;wdt_bg_image_mobile&quot;:{&quot;url&quot;:&quot;&quot;,&quot;id&quot;:&quot;&quot;,&quot;size&quot;:&quot;&quot;},&quot;wdt_bg_position&quot;:&quot;center center&quot;,&quot;wdt_animation_effect&quot;:&quot;none&quot;}\">\n\t\t\t\t\t\t<div class=\"elementor-container elementor-column-gap-no\">\n\t\t\t\t\t<div class=\"elementor-column elementor-col-100 elementor-inner-column elementor-element elementor-element-08d6cac\" data-id=\"08d6cac\" data-element_type=\"column\" data-e-type=\"column\">\n\t\t\t<div class=\"elementor-widget-wrap elementor-element-populated\">\n\t\t\t\t\t\t<div class=\"elementor-element elementor-element-bce8f7e start elementor-widget elementor-widget-wdt-heading\" data-id=\"bce8f7e\" data-element_type=\"widget\" data-e-type=\"widget\" data-settings=\"{&quot;wdt_animation_effect&quot;:&quot;none&quot;}\" data-widget_type=\"wdt-heading.default\">\n\t\t\t\t<div class=\"elementor-widget-container\">\n\t\t\t\t\t<div class=\"wdt-heading-holder\" id=\"wdt-heading-bce8f7e\"><h2 class=\"wdt-heading-title-wrapper wdt-heading-align-1 wdt-heading-deco-wrapper\"><span class=\"wdt-heading-title\">Beneficios de nuestro facial b\u00e1sico personalizado<\/span><\/h2><div class=\"wdt-heading-content-wrapper\">En Spacio Sanu, personalizamos nuestro Facial B\u00e1sico seg\u00fan tu tipo de piel y tus necesidades. Nuestros esteticistas profesionales utilizan t\u00e9cnicas de limpieza suaves pero efectivas, seguidas de una exfoliaci\u00f3n ligera para lucir una piel m\u00e1s luminosa, extracciones para eliminar impurezas y, por \u00faltimo, una mascarilla calmante y productos hidratantes que equilibran la piel para dejar tu rostro suave, terso y revitalizado. Apto para todo tipo de piel. Este servicio incluye limpieza, tonificaci\u00f3n, exfoliaci\u00f3n ligera, extracciones y mascarilla facial.\n<\/div><\/div>\t\t\t\t<\/div>\n\t\t\t\t<\/div>\n\t\t\t\t<div class=\"elementor-element elementor-element-6cb2333 elementor-hidden-widescreen elementor-hidden-desktop elementor-hidden-laptop elementor-widget elementor-widget-image\" data-id=\"6cb2333\" data-element_type=\"widget\" data-e-type=\"widget\" data-settings=\"{&quot;wdt_animation_effect&quot;:&quot;none&quot;}\" data-widget_type=\"image.default\">\n\t\t\t\t<div class=\"elementor-widget-container\">\n\t\t\t\t\t\t\t\t\t\t\t\t\t\t\t\t<a href=\"https:\/\/spaciosanu.com\/wp-content\/uploads\/2025\/06\/Sanu-Basic-Facial-BfrAftr.jpg\" data-elementor-open-lightbox=\"yes\" data-elementor-lightbox-title=\"Sanu-Basic-Facial-BfrAftr\" data-e-action-hash=\"#elementor-action%3Aaction%3Dlightbox%26settings%3DeyJpZCI6MzIzOCwidXJsIjoiaHR0cHM6XC9cL3NwYWNpb3NhbnUuY29tXC93cC1jb250ZW50XC91cGxvYWRzXC8yMDI1XC8wNlwvU2FudS1CYXNpYy1GYWNpYWwtQmZyQWZ0ci5qcGcifQ%3D%3D\">\n\t\t\t\t\t\t\t<img decoding=\"async\" width=\"1582\" height=\"800\" src=\"https:\/\/spaciosanu.com\/wp-content\/uploads\/2025\/06\/Sanu-Basic-Facial-BfrAftr.jpg\" class=\"attachment-full size-full wp-image-3238\" alt=\"\" srcset=\"https:\/\/spaciosanu.com\/wp-content\/uploads\/2025\/06\/Sanu-Basic-Facial-BfrAftr.jpg 1582w, https:\/\/spaciosanu.com\/wp-content\/uploads\/2025\/06\/Sanu-Basic-Facial-BfrAftr-300x152.jpg 300w, https:\/\/spaciosanu.com\/wp-content\/uploads\/2025\/06\/Sanu-Basic-Facial-BfrAftr-1024x518.jpg 1024w, https:\/\/spaciosanu.com\/wp-content\/uploads\/2025\/06\/Sanu-Basic-Facial-BfrAftr-768x388.jpg 768w, https:\/\/spaciosanu.com\/wp-content\/uploads\/2025\/06\/Sanu-Basic-Facial-BfrAftr-1536x777.jpg 1536w, https:\/\/spaciosanu.com\/wp-content\/uploads\/2025\/06\/Sanu-Basic-Facial-BfrAftr-18x9.jpg 18w, https:\/\/spaciosanu.com\/wp-content\/uploads\/2025\/06\/Sanu-Basic-Facial-BfrAftr-1000x506.jpg 1000w, https:\/\/spaciosanu.com\/wp-content\/uploads\/2025\/06\/Sanu-Basic-Facial-BfrAftr-220x111.jpg 220w\" sizes=\"(max-width: 1582px) 100vw, 1582px\" \/>\t\t\t\t\t\t\t\t<\/a>\n\t\t\t\t\t\t\t\t\t\t\t\t\t\t\t<\/div>\n\t\t\t\t<\/div>\n\t\t\t\t<div class=\"elementor-element elementor-element-9042654 elementor-widget__width-initial elementor-hidden-tablet_extra elementor-hidden-tablet elementor-hidden-mobile_extra elementor-hidden-mobile elementor-widget elementor-widget-wdt-before-after-slider\" data-id=\"9042654\" data-element_type=\"widget\" data-e-type=\"widget\" data-settings=\"{&quot;wdt_animation_effect&quot;:&quot;none&quot;}\" data-widget_type=\"wdt-before-after-slider.default\">\n\t\t\t\t<div class=\"elementor-widget-container\">\n\t\t\t\t\t <div class=\"wdt-before-after-slider-container\">  <div class=\"wdt-img wdt-background-img\">  <img decoding=\"async\" src=\"https:\/\/spaciosanu.com\/wp-content\/uploads\/2025\/04\/Sanu-Spacio-Services.webp\"><span class=\"wdt-before-after-slider-span-after\">Despu\u00e9s<\/span> <\/div> <div class=\"wdt-img wdt-foreground-img\" style=\"width: 50%;\"> <img decoding=\"async\" src=\"https:\/\/spaciosanu.com\/wp-content\/uploads\/2025\/04\/Sanu-Spacio-Services-2.webp\"><span class=\"wdt-before-after-slider-span-before\">Antes<\/span> <\/div><input type=\"range\" min=\"1\" max=\"100\" value=\"50\" class=\"wdt-before-after-sliders\" name=\"wdt_before_after_slider\" id=\"wdt_before_after_slider_9042654\"> <div class=\"wdt-slider-button\"><span>Arrastrar<\/span> <\/div> <\/div>\t\t\t\t<\/div>\n\t\t\t\t<\/div>\n\t\t\t\t<div class=\"elementor-element elementor-element-8f2112c wdt-custom-side-nav elementor-widget elementor-widget-wdt-side-nav-navigation\" data-id=\"8f2112c\" data-element_type=\"widget\" data-e-type=\"widget\" data-settings=\"{&quot;wdt_animation_effect&quot;:&quot;none&quot;}\" data-widget_type=\"wdt-side-nav-navigation.default\">\n\t\t\t\t<div class=\"elementor-widget-container\">\n\t\t\t\t\t<div class=\"wdt-sidenav-navigation-container\"><div class=\"wdt-sidenav-navigation-prev-wrapper\"><div class=\"wdt-sidenav-navigation-title-wrapper\"><p><a href=\"https:\/\/spaciosanu.com\/es\/our-services\/pca-chemical-peel\/\" title=\"Peeling qu\u00edmico de PCA\"><i class=\"wdticon-angle-left\"><\/i>Servicio anterior<\/a><\/p><span class=\"zmdi zmdi-long-arrow-left zmdi-hc-fw\"><\/span><h3><a href=\"https:\/\/spaciosanu.com\/es\/our-services\/pca-chemical-peel\/\" title=\"Peeling qu\u00edmico de PCA\">Peeling qu\u00edmico de PCA<\/a><\/h3><\/div><\/div><div class=\"wdt-sidenav-navigation-next-wrapper\"><div class=\"wdt-sidenav-navigation-title-wrapper\"><p><a href=\"https:\/\/spaciosanu.com\/es\/our-services\/pca-oxygen-treatment\/\" title=\"Tr\u00edo oxigenante PCA\">Pr\u00f3ximo servicio<i class=\"wdticon-angle-right\"><\/i><\/a><\/p><span class=\"zmdi zmdi-long-arrow-left zmdi-hc-fw\"><\/span><h3><a href=\"https:\/\/spaciosanu.com\/es\/our-services\/pca-oxygen-treatment\/\" title=\"Tr\u00edo oxigenante PCA\">Tr\u00edo oxigenante PCA<\/a><\/h3><\/div><\/div><\/div>\t\t\t\t<\/div>\n\t\t\t\t<\/div>\n\t\t\t\t\t<\/div>\n\t\t<\/div>\n\t\t\t\t\t<\/div>\n\t\t<\/section>\n\t\t\t\t\t<\/div>\n\t\t<\/div>\n\t\t\t\t\t<\/div>\n\t\t<\/section>\n\t\t\t\t<\/div>","protected":false},"excerpt":{"rendered":"<p>Custom Basic Facial A Custom Basic Facial is a skincare treatment designed to cleanse, exfoliate, and nourish the skin, giving you a fresh and healthy glow. It helps remove dirt, oil, and dead skin cells while improving hydration and overall skin texture. This facial is perfect for maintaining a clear and radiant complexion, making it [&hellip;]<\/p>","protected":false},"author":1,"featured_media":0,"parent":651,"menu_order":0,"comment_status":"closed","ping_status":"closed","template":"tpl-side-nav.php","meta":{"footnotes":""},"class_list":["post-728","page","type-page","status-publish","hentry"],"_links":{"self":[{"href":"https:\/\/spaciosanu.com\/es\/wp-json\/wp\/v2\/pages\/728","targetHints":{"allow":["GET"]}}],"collection":[{"href":"https:\/\/spaciosanu.com\/es\/wp-json\/wp\/v2\/pages"}],"about":[{"href":"https:\/\/spaciosanu.com\/es\/wp-json\/wp\/v2\/types\/page"}],"author":[{"embeddable":true,"href":"https:\/\/spaciosanu.com\/es\/wp-json\/wp\/v2\/users\/1"}],"replies":[{"embeddable":true,"href":"https:\/\/spaciosanu.com\/es\/wp-json\/wp\/v2\/comments?post=728"}],"version-history":[{"count":47,"href":"https:\/\/spaciosanu.com\/es\/wp-json\/wp\/v2\/pages\/728\/revisions"}],"predecessor-version":[{"id":3241,"href":"https:\/\/spaciosanu.com\/es\/wp-json\/wp\/v2\/pages\/728\/revisions\/3241"}],"up":[{"embeddable":true,"href":"https:\/\/spaciosanu.com\/es\/wp-json\/wp\/v2\/pages\/651"}],"wp:attachment":[{"href":"https:\/\/spaciosanu.com\/es\/wp-json\/wp\/v2\/media?parent=728"}],"curies":[{"name":"gracias","href":"https:\/\/api.w.org\/{rel}","templated":true}]}}